{"id":1733,"date":"2023-04-14T17:15:09","date_gmt":"2023-04-14T20:15:09","guid":{"rendered":"https:\/\/ecofacilities.com.br\/?page_id=1733"},"modified":"2023-04-24T17:15:34","modified_gmt":"2023-04-24T20:15:34","slug":"limpeza-e-conservacao","status":"publish","type":"page","link":"https:\/\/ecofacilities.com.br\/?page_id=1733","title":{"rendered":"Limpeza e Conserva\u00e7\u00e3o"},"content":{"rendered":"\t\t<div data-elementor-type=\"wp-page\" data-elementor-id=\"1733\" class=\"elementor elementor-1733\">\n\t\t\t\t\t\t\t\t\t<section class=\"elementor-section elementor-top-section elementor-element elementor-element-71ce3ca elementor-section-boxed elementor-section-height-default elementor-section-height-default\" data-id=\"71ce3ca\" data-element_type=\"section\">\n\t\t\t\t\t\t<div class=\"elementor-container elementor-column-gap-default\">\n\t\t\t\t\t<div class=\"elementor-column elementor-col-100 elementor-top-column elementor-element elementor-element-ce200c4\" data-id=\"ce200c4\" data-element_type=\"column\">\n\t\t\t<div class=\"elementor-widget-wrap elementor-element-populated\">\n\t\t\t\t\t\t\t\t<div class=\"elementor-element elementor-element-5bef163 elementor-widget elementor-widget-text-editor\" data-id=\"5bef163\" data-element_type=\"widget\" data-widget_type=\"text-editor.default\">\n\t\t\t\t<div class=\"elementor-widget-container\">\n\t\t\t<style>\/*! elementor - v3.13.2 - 11-05-2023 *\/\n.elementor-widget-text-editor.elementor-drop-cap-view-stacked .elementor-drop-cap{background-color:#69727d;color:#fff}.elementor-widget-text-editor.elementor-drop-cap-view-framed .elementor-drop-cap{color:#69727d;border:3px solid;background-color:transparent}.elementor-widget-text-editor:not(.elementor-drop-cap-view-default) .elementor-drop-cap{margin-top:8px}.elementor-widget-text-editor:not(.elementor-drop-cap-view-default) .elementor-drop-cap-letter{width:1em;height:1em}.elementor-widget-text-editor .elementor-drop-cap{float:left;text-align:center;line-height:1;font-size:50px}.elementor-widget-text-editor .elementor-drop-cap-letter{display:inline-block}<\/style>\t\t\t\t<h4><strong>Limpeza e Conserva\u00e7\u00e3o\u00a0<\/strong><\/h4>\t\t\t\t\t\t<\/div>\n\t\t\t\t<\/div>\n\t\t\t\t<section class=\"elementor-section elementor-inner-section elementor-element elementor-element-caa034f elementor-section-boxed elementor-section-height-default elementor-section-height-default\" data-id=\"caa034f\" data-element_type=\"section\">\n\t\t\t\t\t\t<div class=\"elementor-container elementor-column-gap-default\">\n\t\t\t\t\t<div class=\"elementor-column elementor-col-50 elementor-inner-column elementor-element elementor-element-e5bfc1e\" data-id=\"e5bfc1e\" data-element_type=\"column\">\n\t\t\t<div class=\"elementor-widget-wrap elementor-element-populated\">\n\t\t\t\t\t\t\t\t<div class=\"elementor-element elementor-element-3fae191 elementor-widget__width-initial elementor-widget elementor-widget-text-editor\" data-id=\"3fae191\" data-element_type=\"widget\" data-widget_type=\"text-editor.default\">\n\t\t\t\t<div class=\"elementor-widget-container\">\n\t\t\t\t\t\t\t<p>Manter as \u00e1reas comuns de um empreendimento em boas condi\u00e7\u00f5es de limpeza \u00e9 fundamental. Um ambiente limpo e agrad\u00e1vel \u00e9 de suma import\u00e2ncia tanto no \u00e2mbito comercial quanto residencial e as boas condi\u00e7\u00f5es de limpeza refletem diretamente no bem-estar e sa\u00fade de todos que circulam pelo empreendimento.<\/p><p>Os colaboradores da\u00a0<strong>Eco Facilities Limpezas<\/strong>\u00a0s\u00e3o altamente capacitadas para manter a limpeza e conserva\u00e7\u00e3o do ambiente.<\/p><p>Atendemos empresas, consult\u00f3rios, hospitais, escolas, ind\u00fastrias e condom\u00ednios entre outros.<\/p><p>Solicite uma apresenta\u00e7\u00e3o para conhecer nossa metodologia de trabalho, sua empresa ir\u00e1 se surpreender.<\/p>\t\t\t\t\t\t<\/div>\n\t\t\t\t<\/div>\n\t\t\t\t\t<\/div>\n\t\t<\/div>\n\t\t\t\t<div class=\"elementor-column elementor-col-50 elementor-inner-column elementor-element elementor-element-58ea5b9\" data-id=\"58ea5b9\" data-element_type=\"column\">\n\t\t\t<div class=\"elementor-widget-wrap elementor-element-populated\">\n\t\t\t\t\t\t\t\t<div class=\"elementor-element elementor-element-0422a81 elementor-widget__width-initial elementor-widget elementor-widget-image\" data-id=\"0422a81\" data-element_type=\"widget\" data-widget_type=\"image.default\">\n\t\t\t\t<div class=\"elementor-widget-container\">\n\t\t\t<style>\/*! elementor - v3.13.2 - 11-05-2023 *\/\n.elementor-widget-image{text-align:center}.elementor-widget-image a{display:inline-block}.elementor-widget-image a img[src$=\".svg\"]{width:48px}.elementor-widget-image img{vertical-align:middle;display:inline-block}<\/style>\t\t\t\t\t\t\t\t\t\t\t\t<img loading=\"lazy\" decoding=\"async\" width=\"400\" height=\"311\" src=\"https:\/\/ecofacilities.com.br\/wp-content\/uploads\/2020\/05\/commercial-clean5.jpg\" class=\"attachment-large size-large wp-image-1297\" alt=\"\" srcset=\"https:\/\/ecofacilities.com.br\/wp-content\/uploads\/2020\/05\/commercial-clean5.jpg 400w, https:\/\/ecofacilities.com.br\/wp-content\/uploads\/2020\/05\/commercial-clean5-300x233.jpg 300w\" sizes=\"auto, (max-width: 400px) 100vw, 400px\" \/>\t\t\t\t\t\t\t\t\t\t\t\t\t\t\t<\/div>\n\t\t\t\t<\/div>\n\t\t\t\t\t<\/div>\n\t\t<\/div>\n\t\t\t\t\t\t\t<\/div>\n\t\t<\/section>\n\t\t\t\t\t<\/div>\n\t\t<\/div>\n\t\t\t\t\t\t\t<\/div>\n\t\t<\/section>\n\t\t\t\t<section class=\"elementor-section elementor-top-section elementor-element elementor-element-1967266 elementor-section-boxed elementor-section-height-default elementor-section-height-default\" data-id=\"1967266\" data-element_type=\"section\">\n\t\t\t\t\t\t<div class=\"elementor-container elementor-column-gap-default\">\n\t\t\t\t\t<div class=\"elementor-column elementor-col-100 elementor-top-column elementor-element elementor-element-2af91ce\" data-id=\"2af91ce\" data-element_type=\"column\">\n\t\t\t<div class=\"elementor-widget-wrap elementor-element-populated\">\n\t\t\t\t\t\t\t\t<div class=\"elementor-element elementor-element-d523192 elementor-align-center elementor-widget elementor-widget-button\" data-id=\"d523192\" data-element_type=\"widget\" data-widget_type=\"button.default\">\n\t\t\t\t<div class=\"elementor-widget-container\">\n\t\t\t\t\t<div class=\"elementor-button-wrapper\">\n\t\t\t<a href=\"tel:+5551995270142\" class=\"elementor-button-link elementor-button elementor-size-sm\" role=\"button\">\n\t\t\t\t\t\t<span class=\"elementor-button-content-wrapper\">\n\t\t\t\t\t\t\t<span class=\"elementor-button-icon elementor-align-icon-left\">\n\t\t\t\t<i aria-hidden=\"true\" class=\"fas fa-phone-alt\"><\/i>\t\t\t<\/span>\n\t\t\t\t\t\t<span class=\"elementor-button-text\">Solicite um Or\u00e7amento<\/span>\n\t\t<\/span>\n\t\t\t\t\t<\/a>\n\t\t<\/div>\n\t\t\t\t<\/div>\n\t\t\t\t<\/div>\n\t\t\t\t<div class=\"elementor-element elementor-element-b3ee9d5 elementor-align-center elementor-widget elementor-widget-button\" data-id=\"b3ee9d5\" data-element_type=\"widget\" data-widget_type=\"button.default\">\n\t\t\t\t<div class=\"elementor-widget-container\">\n\t\t\t\t\t<div class=\"elementor-button-wrapper\">\n\t\t\t<a href=\"http:\/\/wa.me\/555195270142\" target=\"_blank\" class=\"elementor-button-link elementor-button elementor-size-sm\" role=\"button\">\n\t\t\t\t\t\t<span class=\"elementor-button-content-wrapper\">\n\t\t\t\t\t\t\t<span class=\"elementor-button-icon elementor-align-icon-left\">\n\t\t\t\t<i aria-hidden=\"true\" class=\"fab fa-whatsapp\"><\/i>\t\t\t<\/span>\n\t\t\t\t\t\t<span class=\"elementor-button-text\">Solicite um Or\u00e7amento<\/span>\n\t\t<\/span>\n\t\t\t\t\t<\/a>\n\t\t<\/div>\n\t\t\t\t<\/div>\n\t\t\t\t<\/div>\n\t\t\t\t\t<\/div>\n\t\t<\/div>\n\t\t\t\t\t\t\t<\/div>\n\t\t<\/section>\n\t\t\t\t\t\t\t<\/div>\n\t\t","protected":false},"excerpt":{"rendered":"<p>Limpeza e Conserva\u00e7\u00e3o\u00a0 Manter as \u00e1reas comuns de um empreendimento em boas condi\u00e7\u00f5es de limpeza \u00e9 fundamental. Um ambiente limpo e agrad\u00e1vel \u00e9 de suma import\u00e2ncia tanto no \u00e2mbito comercial quanto residencial e as boas condi\u00e7\u00f5es de limpeza refletem diretamente no bem-estar e sa\u00fade de todos que circulam pelo empreendimento. Os colaboradores da\u00a0Eco Facilities Limpezas\u00a0s\u00e3o [&hellip;]<\/p>\n","protected":false},"author":1,"featured_media":0,"parent":22,"menu_order":0,"comment_status":"closed","ping_status":"closed","template":"","meta":{"site-sidebar-layout":"no-sidebar","site-content-layout":"page-builder","ast-site-content-layout":"","site-content-style":"default","site-sidebar-style":"default","ast-global-header-display":"","ast-banner-title-visibility":"","ast-main-header-display":"","ast-hfb-above-header-display":"","ast-hfb-below-header-display":"","ast-hfb-mobile-header-display":"","site-post-title":"disabled","ast-breadcrumbs-content":"","ast-featured-img":"disabled","footer-sml-layout":"","theme-transparent-header-meta":"","adv-header-id-meta":"","stick-header-meta":"","header-above-stick-meta":"","header-main-stick-meta":"","header-below-stick-meta":"","astra-migrate-meta-layouts":"default","ast-page-background-enabled":"default","ast-page-background-meta":{"desktop":{"background-color":"","background-image":"","background-repeat":"repeat","background-position":"center center","background-size":"auto","background-attachment":"scroll","background-type":"","background-media":"","overlay-type":"","overlay-color":"","overlay-opacity":"","overlay-gradient":""},"tablet":{"background-color":"","background-image":"","background-repeat":"repeat","background-position":"center center","background-size":"auto","background-attachment":"scroll","background-type":"","background-media":"","overlay-type":"","overlay-color":"","overlay-opacity":"","overlay-gradient":""},"mobile":{"background-color":"","background-image":"","background-repeat":"repeat","background-position":"center center","background-size":"auto","background-attachment":"scroll","background-type":"","background-media":"","overlay-type":"","overlay-color":"","overlay-opacity":"","overlay-gradient":""}},"ast-content-background-meta":{"desktop":{"background-color":"var(--ast-global-color-5)","background-image":"","background-repeat":"repeat","background-position":"center center","background-size":"auto","background-attachment":"scroll","background-type":"","background-media":"","overlay-type":"","overlay-color":"","overlay-opacity":"","overlay-gradient":""},"tablet":{"background-color":"var(--ast-global-color-5)","background-image":"","background-repeat":"repeat","background-position":"center center","background-size":"auto","background-attachment":"scroll","background-type":"","background-media":"","overlay-type":"","overlay-color":"","overlay-opacity":"","overlay-gradient":""},"mobile":{"background-color":"var(--ast-global-color-5)","background-image":"","background-repeat":"repeat","background-position":"center center","background-size":"auto","background-attachment":"scroll","background-type":"","background-media":"","overlay-type":"","overlay-color":"","overlay-opacity":"","overlay-gradient":""}},"_joinchat":[],"footnotes":""},"class_list":["post-1733","page","type-page","status-publish","hentry"],"yoast_head":"<!-- This site is optimized with the Yoast SEO plugin v23.3 - https:\/\/yoast.com\/wordpress\/plugins\/seo\/ -->\n<title>Limpeza e Conserva\u00e7\u00e3o - Eco Facilities<\/title>\n<meta name=\"robots\" content=\"index, follow, max-snippet:-1, max-image-preview:large, max-video-preview:-1\" \/>\n<link rel=\"canonical\" href=\"https:\/\/ecofacilities.com.br\/?page_id=1733\" \/>\n<meta property=\"og:locale\" content=\"pt_BR\" \/>\n<meta property=\"og:type\" content=\"article\" \/>\n<meta property=\"og:title\" content=\"Limpeza e Conserva\u00e7\u00e3o - Eco Facilities\" \/>\n<meta property=\"og:description\" content=\"Limpeza e Conserva\u00e7\u00e3o\u00a0 Manter as \u00e1reas comuns de um empreendimento em boas condi\u00e7\u00f5es de limpeza \u00e9 fundamental. Um ambiente limpo e agrad\u00e1vel \u00e9 de suma import\u00e2ncia tanto no \u00e2mbito comercial quanto residencial e as boas condi\u00e7\u00f5es de limpeza refletem diretamente no bem-estar e sa\u00fade de todos que circulam pelo empreendimento. Os colaboradores da\u00a0Eco Facilities Limpezas\u00a0s\u00e3o [&hellip;]\" \/>\n<meta property=\"og:url\" content=\"https:\/\/ecofacilities.com.br\/?page_id=1733\" \/>\n<meta property=\"og:site_name\" content=\"Eco Facilities\" \/>\n<meta property=\"article:modified_time\" content=\"2023-04-24T20:15:34+00:00\" \/>\n<meta property=\"og:image\" content=\"http:\/\/ecofacilities.com.br\/wp-content\/uploads\/2020\/05\/commercial-clean5.jpg\" \/>\n<meta name=\"twitter:card\" content=\"summary_large_image\" \/>\n<meta name=\"twitter:label1\" content=\"Est. tempo de leitura\" \/>\n\t<meta name=\"twitter:data1\" content=\"1 minuto\" \/>\n<script type=\"application\/ld+json\" class=\"yoast-schema-graph\">{\"@context\":\"https:\/\/schema.org\",\"@graph\":[{\"@type\":\"WebPage\",\"@id\":\"https:\/\/ecofacilities.com.br\/?page_id=1733\",\"url\":\"https:\/\/ecofacilities.com.br\/?page_id=1733\",\"name\":\"Limpeza e Conserva\u00e7\u00e3o - Eco Facilities\",\"isPartOf\":{\"@id\":\"https:\/\/ecofacilities.com.br\/#website\"},\"primaryImageOfPage\":{\"@id\":\"https:\/\/ecofacilities.com.br\/?page_id=1733#primaryimage\"},\"image\":{\"@id\":\"https:\/\/ecofacilities.com.br\/?page_id=1733#primaryimage\"},\"thumbnailUrl\":\"http:\/\/ecofacilities.com.br\/wp-content\/uploads\/2020\/05\/commercial-clean5.jpg\",\"datePublished\":\"2023-04-14T20:15:09+00:00\",\"dateModified\":\"2023-04-24T20:15:34+00:00\",\"breadcrumb\":{\"@id\":\"https:\/\/ecofacilities.com.br\/?page_id=1733#breadcrumb\"},\"inLanguage\":\"pt-BR\",\"potentialAction\":[{\"@type\":\"ReadAction\",\"target\":[\"https:\/\/ecofacilities.com.br\/?page_id=1733\"]}]},{\"@type\":\"ImageObject\",\"inLanguage\":\"pt-BR\",\"@id\":\"https:\/\/ecofacilities.com.br\/?page_id=1733#primaryimage\",\"url\":\"https:\/\/ecofacilities.com.br\/wp-content\/uploads\/2020\/05\/commercial-clean5.jpg\",\"contentUrl\":\"https:\/\/ecofacilities.com.br\/wp-content\/uploads\/2020\/05\/commercial-clean5.jpg\",\"width\":400,\"height\":311},{\"@type\":\"BreadcrumbList\",\"@id\":\"https:\/\/ecofacilities.com.br\/?page_id=1733#breadcrumb\",\"itemListElement\":[{\"@type\":\"ListItem\",\"position\":1,\"name\":\"In\u00edcio\",\"item\":\"https:\/\/ecofacilities.com.br\/\"},{\"@type\":\"ListItem\",\"position\":2,\"name\":\"Servi\u00e7os\",\"item\":\"https:\/\/ecofacilities.com.br\/?page_id=22\"},{\"@type\":\"ListItem\",\"position\":3,\"name\":\"Limpeza e Conserva\u00e7\u00e3o\"}]},{\"@type\":\"WebSite\",\"@id\":\"https:\/\/ecofacilities.com.br\/#website\",\"url\":\"https:\/\/ecofacilities.com.br\/\",\"name\":\"Eco Facilities\",\"description\":\"\",\"publisher\":{\"@id\":\"https:\/\/ecofacilities.com.br\/#organization\"},\"potentialAction\":[{\"@type\":\"SearchAction\",\"target\":{\"@type\":\"EntryPoint\",\"urlTemplate\":\"https:\/\/ecofacilities.com.br\/?s={search_term_string}\"},\"query-input\":\"required name=search_term_string\"}],\"inLanguage\":\"pt-BR\"},{\"@type\":\"Organization\",\"@id\":\"https:\/\/ecofacilities.com.br\/#organization\",\"name\":\"Eco Facilities\",\"url\":\"https:\/\/ecofacilities.com.br\/\",\"logo\":{\"@type\":\"ImageObject\",\"inLanguage\":\"pt-BR\",\"@id\":\"https:\/\/ecofacilities.com.br\/#\/schema\/logo\/image\/\",\"url\":\"https:\/\/ecofacilities.com.br\/wp-content\/uploads\/2023\/04\/LOGO-TESTE2-1.png\",\"contentUrl\":\"https:\/\/ecofacilities.com.br\/wp-content\/uploads\/2023\/04\/LOGO-TESTE2-1.png\",\"width\":1146,\"height\":191,\"caption\":\"Eco Facilities\"},\"image\":{\"@id\":\"https:\/\/ecofacilities.com.br\/#\/schema\/logo\/image\/\"}}]}<\/script>\n<!-- \/ Yoast SEO plugin. -->","yoast_head_json":{"title":"Limpeza e Conserva\u00e7\u00e3o - Eco Facilities","robots":{"index":"index","follow":"follow","max-snippet":"max-snippet:-1","max-image-preview":"max-image-preview:large","max-video-preview":"max-video-preview:-1"},"canonical":"https:\/\/ecofacilities.com.br\/?page_id=1733","og_locale":"pt_BR","og_type":"article","og_title":"Limpeza e Conserva\u00e7\u00e3o - Eco Facilities","og_description":"Limpeza e Conserva\u00e7\u00e3o\u00a0 Manter as \u00e1reas comuns de um empreendimento em boas condi\u00e7\u00f5es de limpeza \u00e9 fundamental. Um ambiente limpo e agrad\u00e1vel \u00e9 de suma import\u00e2ncia tanto no \u00e2mbito comercial quanto residencial e as boas condi\u00e7\u00f5es de limpeza refletem diretamente no bem-estar e sa\u00fade de todos que circulam pelo empreendimento. Os colaboradores da\u00a0Eco Facilities Limpezas\u00a0s\u00e3o [&hellip;]","og_url":"https:\/\/ecofacilities.com.br\/?page_id=1733","og_site_name":"Eco Facilities","article_modified_time":"2023-04-24T20:15:34+00:00","og_image":[{"url":"http:\/\/ecofacilities.com.br\/wp-content\/uploads\/2020\/05\/commercial-clean5.jpg"}],"twitter_card":"summary_large_image","twitter_misc":{"Est. tempo de leitura":"1 minuto"},"schema":{"@context":"https:\/\/schema.org","@graph":[{"@type":"WebPage","@id":"https:\/\/ecofacilities.com.br\/?page_id=1733","url":"https:\/\/ecofacilities.com.br\/?page_id=1733","name":"Limpeza e Conserva\u00e7\u00e3o - Eco Facilities","isPartOf":{"@id":"https:\/\/ecofacilities.com.br\/#website"},"primaryImageOfPage":{"@id":"https:\/\/ecofacilities.com.br\/?page_id=1733#primaryimage"},"image":{"@id":"https:\/\/ecofacilities.com.br\/?page_id=1733#primaryimage"},"thumbnailUrl":"http:\/\/ecofacilities.com.br\/wp-content\/uploads\/2020\/05\/commercial-clean5.jpg","datePublished":"2023-04-14T20:15:09+00:00","dateModified":"2023-04-24T20:15:34+00:00","breadcrumb":{"@id":"https:\/\/ecofacilities.com.br\/?page_id=1733#breadcrumb"},"inLanguage":"pt-BR","potentialAction":[{"@type":"ReadAction","target":["https:\/\/ecofacilities.com.br\/?page_id=1733"]}]},{"@type":"ImageObject","inLanguage":"pt-BR","@id":"https:\/\/ecofacilities.com.br\/?page_id=1733#primaryimage","url":"https:\/\/ecofacilities.com.br\/wp-content\/uploads\/2020\/05\/commercial-clean5.jpg","contentUrl":"https:\/\/ecofacilities.com.br\/wp-content\/uploads\/2020\/05\/commercial-clean5.jpg","width":400,"height":311},{"@type":"BreadcrumbList","@id":"https:\/\/ecofacilities.com.br\/?page_id=1733#breadcrumb","itemListElement":[{"@type":"ListItem","position":1,"name":"In\u00edcio","item":"https:\/\/ecofacilities.com.br\/"},{"@type":"ListItem","position":2,"name":"Servi\u00e7os","item":"https:\/\/ecofacilities.com.br\/?page_id=22"},{"@type":"ListItem","position":3,"name":"Limpeza e Conserva\u00e7\u00e3o"}]},{"@type":"WebSite","@id":"https:\/\/ecofacilities.com.br\/#website","url":"https:\/\/ecofacilities.com.br\/","name":"Eco Facilities","description":"","publisher":{"@id":"https:\/\/ecofacilities.com.br\/#organization"},"potentialAction":[{"@type":"SearchAction","target":{"@type":"EntryPoint","urlTemplate":"https:\/\/ecofacilities.com.br\/?s={search_term_string}"},"query-input":"required name=search_term_string"}],"inLanguage":"pt-BR"},{"@type":"Organization","@id":"https:\/\/ecofacilities.com.br\/#organization","name":"Eco Facilities","url":"https:\/\/ecofacilities.com.br\/","logo":{"@type":"ImageObject","inLanguage":"pt-BR","@id":"https:\/\/ecofacilities.com.br\/#\/schema\/logo\/image\/","url":"https:\/\/ecofacilities.com.br\/wp-content\/uploads\/2023\/04\/LOGO-TESTE2-1.png","contentUrl":"https:\/\/ecofacilities.com.br\/wp-content\/uploads\/2023\/04\/LOGO-TESTE2-1.png","width":1146,"height":191,"caption":"Eco Facilities"},"image":{"@id":"https:\/\/ecofacilities.com.br\/#\/schema\/logo\/image\/"}}]}},"_links":{"self":[{"href":"https:\/\/ecofacilities.com.br\/index.php?rest_route=\/wp\/v2\/pages\/1733","targetHints":{"allow":["GET"]}}],"collection":[{"href":"https:\/\/ecofacilities.com.br\/index.php?rest_route=\/wp\/v2\/pages"}],"about":[{"href":"https:\/\/ecofacilities.com.br\/index.php?rest_route=\/wp\/v2\/types\/page"}],"author":[{"embeddable":true,"href":"https:\/\/ecofacilities.com.br\/index.php?rest_route=\/wp\/v2\/users\/1"}],"replies":[{"embeddable":true,"href":"https:\/\/ecofacilities.com.br\/index.php?rest_route=%2Fwp%2Fv2%2Fcomments&post=1733"}],"version-history":[{"count":17,"href":"https:\/\/ecofacilities.com.br\/index.php?rest_route=\/wp\/v2\/pages\/1733\/revisions"}],"predecessor-version":[{"id":1876,"href":"https:\/\/ecofacilities.com.br\/index.php?rest_route=\/wp\/v2\/pages\/1733\/revisions\/1876"}],"up":[{"embeddable":true,"href":"https:\/\/ecofacilities.com.br\/index.php?rest_route=\/wp\/v2\/pages\/22"}],"wp:attachment":[{"href":"https:\/\/ecofacilities.com.br\/index.php?rest_route=%2Fwp%2Fv2%2Fmedia&parent=1733"}],"curies":[{"name":"wp","href":"https:\/\/api.w.org\/{rel}","templated":true}]}}