{"id":1817,"date":"2023-04-24T15:45:18","date_gmt":"2023-04-24T18:45:18","guid":{"rendered":"https:\/\/ecofacilities.com.br\/?page_id=1817"},"modified":"2023-04-24T17:15:06","modified_gmt":"2023-04-24T20:15:06","slug":"facilities","status":"publish","type":"page","link":"https:\/\/ecofacilities.com.br\/?page_id=1817","title":{"rendered":"Facilities"},"content":{"rendered":"\t\t<div data-elementor-type=\"wp-page\" data-elementor-id=\"1817\" class=\"elementor elementor-1817\">\n\t\t\t\t\t\t\t\t\t<section class=\"elementor-section elementor-top-section elementor-element elementor-element-7c99c13 elementor-section-boxed elementor-section-height-default elementor-section-height-default\" data-id=\"7c99c13\" data-element_type=\"section\">\n\t\t\t\t\t\t<div class=\"elementor-container elementor-column-gap-default\">\n\t\t\t\t\t<div class=\"elementor-column elementor-col-100 elementor-top-column elementor-element elementor-element-81948ea\" data-id=\"81948ea\" data-element_type=\"column\">\n\t\t\t<div class=\"elementor-widget-wrap elementor-element-populated\">\n\t\t\t\t\t\t\t\t<div class=\"elementor-element elementor-element-1d0678b elementor-widget elementor-widget-heading\" data-id=\"1d0678b\" data-element_type=\"widget\" data-widget_type=\"heading.default\">\n\t\t\t\t<div class=\"elementor-widget-container\">\n\t\t\t<style>\/*! elementor - v3.13.2 - 11-05-2023 *\/\n.elementor-heading-title{padding:0;margin:0;line-height:1}.elementor-widget-heading .elementor-heading-title[class*=elementor-size-]>a{color:inherit;font-size:inherit;line-height:inherit}.elementor-widget-heading .elementor-heading-title.elementor-size-small{font-size:15px}.elementor-widget-heading .elementor-heading-title.elementor-size-medium{font-size:19px}.elementor-widget-heading .elementor-heading-title.elementor-size-large{font-size:29px}.elementor-widget-heading .elementor-heading-title.elementor-size-xl{font-size:39px}.elementor-widget-heading .elementor-heading-title.elementor-size-xxl{font-size:59px}<\/style><h2 class=\"elementor-heading-title elementor-size-default\">Facilities<\/h2>\t\t<\/div>\n\t\t\t\t<\/div>\n\t\t\t\t<section class=\"elementor-section elementor-inner-section elementor-element elementor-element-62f8451 elementor-section-boxed elementor-section-height-default elementor-section-height-default\" data-id=\"62f8451\" data-element_type=\"section\">\n\t\t\t\t\t\t<div class=\"elementor-container elementor-column-gap-default\">\n\t\t\t\t\t<div class=\"elementor-column elementor-col-50 elementor-inner-column elementor-element elementor-element-a6ca335\" data-id=\"a6ca335\" data-element_type=\"column\">\n\t\t\t<div class=\"elementor-widget-wrap elementor-element-populated\">\n\t\t\t\t\t\t\t\t<div class=\"elementor-element elementor-element-9d5604e elementor-widget elementor-widget-image\" data-id=\"9d5604e\" data-element_type=\"widget\" data-widget_type=\"image.default\">\n\t\t\t\t<div class=\"elementor-widget-container\">\n\t\t\t<style>\/*! elementor - v3.13.2 - 11-05-2023 *\/\n.elementor-widget-image{text-align:center}.elementor-widget-image a{display:inline-block}.elementor-widget-image a img[src$=\".svg\"]{width:48px}.elementor-widget-image img{vertical-align:middle;display:inline-block}<\/style>\t\t\t\t\t\t\t\t\t\t\t\t<img decoding=\"async\" src=\"https:\/\/ecofacilities.com.br\/wp-content\/uploads\/2023\/04\/business-3122359_1920-e1684172861605.jpg\" title=\"business-3122359_1920\" alt=\"business-3122359_1920\" loading=\"lazy\" \/>\t\t\t\t\t\t\t\t\t\t\t\t\t\t\t<\/div>\n\t\t\t\t<\/div>\n\t\t\t\t\t<\/div>\n\t\t<\/div>\n\t\t\t\t<div class=\"elementor-column elementor-col-50 elementor-inner-column elementor-element elementor-element-10ae073\" data-id=\"10ae073\" data-element_type=\"column\">\n\t\t\t<div class=\"elementor-widget-wrap elementor-element-populated\">\n\t\t\t\t\t\t\t\t<div class=\"elementor-element elementor-element-13479eb elementor-widget elementor-widget-text-editor\" data-id=\"13479eb\" data-element_type=\"widget\" data-widget_type=\"text-editor.default\">\n\t\t\t\t<div class=\"elementor-widget-container\">\n\t\t\t<style>\/*! elementor - v3.13.2 - 11-05-2023 *\/\n.elementor-widget-text-editor.elementor-drop-cap-view-stacked .elementor-drop-cap{background-color:#69727d;color:#fff}.elementor-widget-text-editor.elementor-drop-cap-view-framed .elementor-drop-cap{color:#69727d;border:3px solid;background-color:transparent}.elementor-widget-text-editor:not(.elementor-drop-cap-view-default) .elementor-drop-cap{margin-top:8px}.elementor-widget-text-editor:not(.elementor-drop-cap-view-default) .elementor-drop-cap-letter{width:1em;height:1em}.elementor-widget-text-editor .elementor-drop-cap{float:left;text-align:center;line-height:1;font-size:50px}.elementor-widget-text-editor .elementor-drop-cap-letter{display:inline-block}<\/style>\t\t\t\t<h4><strong>Portaria<\/strong><\/h4>\t\t\t\t\t\t<\/div>\n\t\t\t\t<\/div>\n\t\t\t\t<div class=\"elementor-element elementor-element-f3af5eb elementor-widget elementor-widget-text-editor\" data-id=\"f3af5eb\" data-element_type=\"widget\" data-widget_type=\"text-editor.default\">\n\t\t\t\t<div class=\"elementor-widget-container\">\n\t\t\t\t\t\t\t<p>Com a responsabilidade de permitir a entrada de visitantes, funcion\u00e1rios e outros prestadores de servi\u00e7os, acompanhar e receber fornecedores, receber correspond\u00eancias e encomendas e principalmente zelar pelo patrim\u00f4nio de nossos clientes, o servi\u00e7o de portaria e controle de acesso \u00e9 fundamental, afinal, estes s\u00e3o os profissionais respons\u00e1veis pelo fluxo de pessoas e ve\u00edculos, autoriza\u00e7\u00f5es e libera\u00e7\u00f5es e sendo assim s\u00e3o o principal ponto de apoio de seguran\u00e7a.<\/p>\t\t\t\t\t\t<\/div>\n\t\t\t\t<\/div>\n\t\t\t\t\t<\/div>\n\t\t<\/div>\n\t\t\t\t\t\t\t<\/div>\n\t\t<\/section>\n\t\t\t\t\t<\/div>\n\t\t<\/div>\n\t\t\t\t\t\t\t<\/div>\n\t\t<\/section>\n\t\t\t\t<section class=\"elementor-section elementor-top-section elementor-element elementor-element-e4f4353 elementor-section-boxed elementor-section-height-default elementor-section-height-default\" data-id=\"e4f4353\" data-element_type=\"section\">\n\t\t\t\t\t\t<div class=\"elementor-container elementor-column-gap-default\">\n\t\t\t\t\t<div class=\"elementor-column elementor-col-50 elementor-top-column elementor-element elementor-element-bd57329\" data-id=\"bd57329\" data-element_type=\"column\">\n\t\t\t<div class=\"elementor-widget-wrap elementor-element-populated\">\n\t\t\t\t\t\t\t\t<div class=\"elementor-element elementor-element-aba28bd elementor-widget elementor-widget-image\" data-id=\"aba28bd\" data-element_type=\"widget\" data-widget_type=\"image.default\">\n\t\t\t\t<div class=\"elementor-widget-container\">\n\t\t\t\t\t\t\t\t\t\t\t\t\t\t\t<img decoding=\"async\" src=\"https:\/\/ecofacilities.com.br\/wp-content\/uploads\/2023\/04\/receptionists-phone-call-hotel-5975962.jpg\" title=\"receptionists-phone-call-hotel-5975962\" alt=\"receptionists, phone call, hotel-5975962.jpg\" loading=\"lazy\" \/>\t\t\t\t\t\t\t\t\t\t\t\t\t\t\t<\/div>\n\t\t\t\t<\/div>\n\t\t\t\t\t<\/div>\n\t\t<\/div>\n\t\t\t\t<div class=\"elementor-column elementor-col-50 elementor-top-column elementor-element elementor-element-4470e85\" data-id=\"4470e85\" data-element_type=\"column\">\n\t\t\t<div class=\"elementor-widget-wrap elementor-element-populated\">\n\t\t\t\t\t\t\t\t<div class=\"elementor-element elementor-element-e0634b3 elementor-widget elementor-widget-text-editor\" data-id=\"e0634b3\" data-element_type=\"widget\" data-widget_type=\"text-editor.default\">\n\t\t\t\t<div class=\"elementor-widget-container\">\n\t\t\t\t\t\t\t<h4><strong>Recep\u00e7\u00e3o<\/strong><\/h4>\t\t\t\t\t\t<\/div>\n\t\t\t\t<\/div>\n\t\t\t\t<div class=\"elementor-element elementor-element-ac1660a elementor-widget elementor-widget-text-editor\" data-id=\"ac1660a\" data-element_type=\"widget\" data-widget_type=\"text-editor.default\">\n\t\t\t\t<div class=\"elementor-widget-container\">\n\t\t\t\t\t\t\t<p>Receber os usu\u00e1rios e visitantes de um estabelecimento com um atendimento de excel\u00eancia aos visitantes e clientes faz toda a diferen\u00e7a para a imagem do local.<\/p><p><br \/>O recepcionista \u00e9 o profissional respons\u00e1vel por fidelizar os clientes de uma empresa, sendo como um cart\u00e3o de visita da mesma, logo, tem um papel estrat\u00e9gico.<\/p>\t\t\t\t\t\t<\/div>\n\t\t\t\t<\/div>\n\t\t\t\t\t<\/div>\n\t\t<\/div>\n\t\t\t\t\t\t\t<\/div>\n\t\t<\/section>\n\t\t\t\t<section class=\"elementor-section elementor-top-section elementor-element elementor-element-b47d7d0 elementor-section-boxed elementor-section-height-default elementor-section-height-default\" data-id=\"b47d7d0\" data-element_type=\"section\">\n\t\t\t\t\t\t<div class=\"elementor-container elementor-column-gap-default\">\n\t\t\t\t\t<div class=\"elementor-column elementor-col-50 elementor-top-column elementor-element elementor-element-68666ca\" data-id=\"68666ca\" data-element_type=\"column\">\n\t\t\t<div class=\"elementor-widget-wrap elementor-element-populated\">\n\t\t\t\t\t\t\t\t<div class=\"elementor-element elementor-element-c807e42 elementor-widget elementor-widget-image\" data-id=\"c807e42\" data-element_type=\"widget\" data-widget_type=\"image.default\">\n\t\t\t\t<div class=\"elementor-widget-container\">\n\t\t\t\t\t\t\t\t\t\t\t\t\t\t\t<img decoding=\"async\" src=\"https:\/\/ecofacilities.com.br\/wp-content\/uploads\/2023\/04\/terceirizacao-de-copeira.png\" title=\"terceirizacao-de-copeira\" alt=\"terceirizacao-de-copeira\" loading=\"lazy\" \/>\t\t\t\t\t\t\t\t\t\t\t\t\t\t\t<\/div>\n\t\t\t\t<\/div>\n\t\t\t\t\t<\/div>\n\t\t<\/div>\n\t\t\t\t<div class=\"elementor-column elementor-col-50 elementor-top-column elementor-element elementor-element-f3b810a\" data-id=\"f3b810a\" data-element_type=\"column\">\n\t\t\t<div class=\"elementor-widget-wrap elementor-element-populated\">\n\t\t\t\t\t\t\t\t<div class=\"elementor-element elementor-element-c92323e elementor-widget elementor-widget-text-editor\" data-id=\"c92323e\" data-element_type=\"widget\" data-widget_type=\"text-editor.default\">\n\t\t\t\t<div class=\"elementor-widget-container\">\n\t\t\t\t\t\t\t<h4><strong>Copeira<\/strong><\/h4>\t\t\t\t\t\t<\/div>\n\t\t\t\t<\/div>\n\t\t\t\t<div class=\"elementor-element elementor-element-e6fa47b elementor-widget elementor-widget-text-editor\" data-id=\"e6fa47b\" data-element_type=\"widget\" data-widget_type=\"text-editor.default\">\n\t\t\t\t<div class=\"elementor-widget-container\">\n\t\t\t\t\t\t\t<p>O servi\u00e7o de copeiro\u00a0prepara alimentos e arruma bandejas e mesas. Atende o p\u00fablico interno, servindo e distribuindo alimentos e bebidas. Recolhe utens\u00edlios e equipamentos utilizados, promovendo a limpeza, higieniza\u00e7\u00e3o e conserva\u00e7\u00e3o da copa e da cozinha.\u00a0<\/p><p>Em servi\u00e7os de copa, podemos incluir muitas atividades de acordo com o tipo de cada estabelecimento comercial.\u00a0<\/p>\t\t\t\t\t\t<\/div>\n\t\t\t\t<\/div>\n\t\t\t\t\t<\/div>\n\t\t<\/div>\n\t\t\t\t\t\t\t<\/div>\n\t\t<\/section>\n\t\t\t\t<section class=\"elementor-section elementor-top-section elementor-element elementor-element-3aef36e elementor-section-boxed elementor-section-height-default elementor-section-height-default\" data-id=\"3aef36e\" data-element_type=\"section\">\n\t\t\t\t\t\t<div class=\"elementor-container elementor-column-gap-default\">\n\t\t\t\t\t<div class=\"elementor-column elementor-col-100 elementor-top-column elementor-element elementor-element-14be06f\" data-id=\"14be06f\" data-element_type=\"column\">\n\t\t\t<div class=\"elementor-widget-wrap elementor-element-populated\">\n\t\t\t\t\t\t\t\t<div class=\"elementor-element elementor-element-9c2acf3 elementor-align-center elementor-widget elementor-widget-button\" data-id=\"9c2acf3\" data-element_type=\"widget\" data-widget_type=\"button.default\">\n\t\t\t\t<div class=\"elementor-widget-container\">\n\t\t\t\t\t<div class=\"elementor-button-wrapper\">\n\t\t\t<a href=\"tel:+5551995270142\" class=\"elementor-button-link elementor-button elementor-size-sm\" role=\"button\">\n\t\t\t\t\t\t<span class=\"elementor-button-content-wrapper\">\n\t\t\t\t\t\t\t<span class=\"elementor-button-icon elementor-align-icon-left\">\n\t\t\t\t<i aria-hidden=\"true\" class=\"fas fa-phone-alt\"><\/i>\t\t\t<\/span>\n\t\t\t\t\t\t<span class=\"elementor-button-text\">Solicite um Or\u00e7amento<\/span>\n\t\t<\/span>\n\t\t\t\t\t<\/a>\n\t\t<\/div>\n\t\t\t\t<\/div>\n\t\t\t\t<\/div>\n\t\t\t\t<div class=\"elementor-element elementor-element-2c009e3 elementor-align-center elementor-widget elementor-widget-button\" data-id=\"2c009e3\" data-element_type=\"widget\" data-widget_type=\"button.default\">\n\t\t\t\t<div class=\"elementor-widget-container\">\n\t\t\t\t\t<div class=\"elementor-button-wrapper\">\n\t\t\t<a href=\"http:\/\/wa.me\/555195270142\" target=\"_blank\" class=\"elementor-button-link elementor-button elementor-size-sm\" role=\"button\">\n\t\t\t\t\t\t<span class=\"elementor-button-content-wrapper\">\n\t\t\t\t\t\t\t<span class=\"elementor-button-icon elementor-align-icon-left\">\n\t\t\t\t<i aria-hidden=\"true\" class=\"fab fa-whatsapp\"><\/i>\t\t\t<\/span>\n\t\t\t\t\t\t<span class=\"elementor-button-text\">Solicite um Or\u00e7amento<\/span>\n\t\t<\/span>\n\t\t\t\t\t<\/a>\n\t\t<\/div>\n\t\t\t\t<\/div>\n\t\t\t\t<\/div>\n\t\t\t\t\t<\/div>\n\t\t<\/div>\n\t\t\t\t\t\t\t<\/div>\n\t\t<\/section>\n\t\t\t\t\t\t\t<\/div>\n\t\t","protected":false},"excerpt":{"rendered":"<p>Facilities Portaria Com a responsabilidade de permitir a entrada de visitantes, funcion\u00e1rios e outros prestadores de servi\u00e7os, acompanhar e receber fornecedores, receber correspond\u00eancias e encomendas e principalmente zelar pelo patrim\u00f4nio de nossos clientes, o servi\u00e7o de portaria e controle de acesso \u00e9 fundamental, afinal, estes s\u00e3o os profissionais respons\u00e1veis pelo fluxo de pessoas e ve\u00edculos, [&hellip;]<\/p>\n","protected":false},"author":1,"featured_media":0,"parent":22,"menu_order":0,"comment_status":"closed","ping_status":"closed","template":"","meta":{"site-sidebar-layout":"no-sidebar","site-content-layout":"page-builder","ast-site-content-layout":"","site-content-style":"default","site-sidebar-style":"default","ast-global-header-display":"","ast-banner-title-visibility":"","ast-main-header-display":"","ast-hfb-above-header-display":"","ast-hfb-below-header-display":"","ast-hfb-mobile-header-display":"","site-post-title":"disabled","ast-breadcrumbs-content":"","ast-featured-img":"disabled","footer-sml-layout":"","theme-transparent-header-meta":"","adv-header-id-meta":"","stick-header-meta":"","header-above-stick-meta":"","header-main-stick-meta":"","header-below-stick-meta":"","astra-migrate-meta-layouts":"default","ast-page-background-enabled":"default","ast-page-background-meta":{"desktop":{"background-color":"","background-image":"","background-repeat":"repeat","background-position":"center center","background-size":"auto","background-attachment":"scroll","background-type":"","background-media":"","overlay-type":"","overlay-color":"","overlay-opacity":"","overlay-gradient":""},"tablet":{"background-color":"","background-image":"","background-repeat":"repeat","background-position":"center center","background-size":"auto","background-attachment":"scroll","background-type":"","background-media":"","overlay-type":"","overlay-color":"","overlay-opacity":"","overlay-gradient":""},"mobile":{"background-color":"","background-image":"","background-repeat":"repeat","background-position":"center center","background-size":"auto","background-attachment":"scroll","background-type":"","background-media":"","overlay-type":"","overlay-color":"","overlay-opacity":"","overlay-gradient":""}},"ast-content-background-meta":{"desktop":{"background-color":"var(--ast-global-color-5)","background-image":"","background-repeat":"repeat","background-position":"center center","background-size":"auto","background-attachment":"scroll","background-type":"","background-media":"","overlay-type":"","overlay-color":"","overlay-opacity":"","overlay-gradient":""},"tablet":{"background-color":"var(--ast-global-color-5)","background-image":"","background-repeat":"repeat","background-position":"center center","background-size":"auto","background-attachment":"scroll","background-type":"","background-media":"","overlay-type":"","overlay-color":"","overlay-opacity":"","overlay-gradient":""},"mobile":{"background-color":"var(--ast-global-color-5)","background-image":"","background-repeat":"repeat","background-position":"center center","background-size":"auto","background-attachment":"scroll","background-type":"","background-media":"","overlay-type":"","overlay-color":"","overlay-opacity":"","overlay-gradient":""}},"_joinchat":[],"footnotes":""},"class_list":["post-1817","page","type-page","status-publish","hentry"],"yoast_head":"<!-- This site is optimized with the Yoast SEO plugin v23.3 - https:\/\/yoast.com\/wordpress\/plugins\/seo\/ -->\n<title>Facilities - Eco Facilities<\/title>\n<meta name=\"robots\" content=\"index, follow, max-snippet:-1, max-image-preview:large, max-video-preview:-1\" \/>\n<link rel=\"canonical\" href=\"https:\/\/ecofacilities.com.br\/?page_id=1817\" \/>\n<meta property=\"og:locale\" content=\"pt_BR\" \/>\n<meta property=\"og:type\" content=\"article\" \/>\n<meta property=\"og:title\" content=\"Facilities - Eco Facilities\" \/>\n<meta property=\"og:description\" content=\"Facilities Portaria Com a responsabilidade de permitir a entrada de visitantes, funcion\u00e1rios e outros prestadores de servi\u00e7os, acompanhar e receber fornecedores, receber correspond\u00eancias e encomendas e principalmente zelar pelo patrim\u00f4nio de nossos clientes, o servi\u00e7o de portaria e controle de acesso \u00e9 fundamental, afinal, estes s\u00e3o os profissionais respons\u00e1veis pelo fluxo de pessoas e ve\u00edculos, [&hellip;]\" \/>\n<meta property=\"og:url\" content=\"https:\/\/ecofacilities.com.br\/?page_id=1817\" \/>\n<meta property=\"og:site_name\" content=\"Eco Facilities\" \/>\n<meta property=\"article:modified_time\" content=\"2023-04-24T20:15:06+00:00\" \/>\n<meta property=\"og:image\" content=\"http:\/\/ecofacilities.com.br\/wp-content\/uploads\/elementor\/thumbs\/business-3122359_1920-q5i142vje6qqkm28wwosjzrx15c8qsq5pcelazy6r0.jpg\" \/>\n<meta name=\"twitter:card\" content=\"summary_large_image\" \/>\n<meta name=\"twitter:label1\" content=\"Est. tempo de leitura\" \/>\n\t<meta name=\"twitter:data1\" content=\"1 minuto\" \/>\n<script type=\"application\/ld+json\" class=\"yoast-schema-graph\">{\"@context\":\"https:\/\/schema.org\",\"@graph\":[{\"@type\":\"WebPage\",\"@id\":\"https:\/\/ecofacilities.com.br\/?page_id=1817\",\"url\":\"https:\/\/ecofacilities.com.br\/?page_id=1817\",\"name\":\"Facilities - Eco Facilities\",\"isPartOf\":{\"@id\":\"https:\/\/ecofacilities.com.br\/#website\"},\"primaryImageOfPage\":{\"@id\":\"https:\/\/ecofacilities.com.br\/?page_id=1817#primaryimage\"},\"image\":{\"@id\":\"https:\/\/ecofacilities.com.br\/?page_id=1817#primaryimage\"},\"thumbnailUrl\":\"http:\/\/ecofacilities.com.br\/wp-content\/uploads\/elementor\/thumbs\/business-3122359_1920-q5i142vje6qqkm28wwosjzrx15c8qsq5pcelazy6r0.jpg\",\"datePublished\":\"2023-04-24T18:45:18+00:00\",\"dateModified\":\"2023-04-24T20:15:06+00:00\",\"breadcrumb\":{\"@id\":\"https:\/\/ecofacilities.com.br\/?page_id=1817#breadcrumb\"},\"inLanguage\":\"pt-BR\",\"potentialAction\":[{\"@type\":\"ReadAction\",\"target\":[\"https:\/\/ecofacilities.com.br\/?page_id=1817\"]}]},{\"@type\":\"ImageObject\",\"inLanguage\":\"pt-BR\",\"@id\":\"https:\/\/ecofacilities.com.br\/?page_id=1817#primaryimage\",\"url\":\"http:\/\/ecofacilities.com.br\/wp-content\/uploads\/elementor\/thumbs\/business-3122359_1920-q5i142vje6qqkm28wwosjzrx15c8qsq5pcelazy6r0.jpg\",\"contentUrl\":\"http:\/\/ecofacilities.com.br\/wp-content\/uploads\/elementor\/thumbs\/business-3122359_1920-q5i142vje6qqkm28wwosjzrx15c8qsq5pcelazy6r0.jpg\"},{\"@type\":\"BreadcrumbList\",\"@id\":\"https:\/\/ecofacilities.com.br\/?page_id=1817#breadcrumb\",\"itemListElement\":[{\"@type\":\"ListItem\",\"position\":1,\"name\":\"In\u00edcio\",\"item\":\"https:\/\/ecofacilities.com.br\/\"},{\"@type\":\"ListItem\",\"position\":2,\"name\":\"Servi\u00e7os\",\"item\":\"https:\/\/ecofacilities.com.br\/?page_id=22\"},{\"@type\":\"ListItem\",\"position\":3,\"name\":\"Facilities\"}]},{\"@type\":\"WebSite\",\"@id\":\"https:\/\/ecofacilities.com.br\/#website\",\"url\":\"https:\/\/ecofacilities.com.br\/\",\"name\":\"Eco Facilities\",\"description\":\"\",\"publisher\":{\"@id\":\"https:\/\/ecofacilities.com.br\/#organization\"},\"potentialAction\":[{\"@type\":\"SearchAction\",\"target\":{\"@type\":\"EntryPoint\",\"urlTemplate\":\"https:\/\/ecofacilities.com.br\/?s={search_term_string}\"},\"query-input\":\"required name=search_term_string\"}],\"inLanguage\":\"pt-BR\"},{\"@type\":\"Organization\",\"@id\":\"https:\/\/ecofacilities.com.br\/#organization\",\"name\":\"Eco Facilities\",\"url\":\"https:\/\/ecofacilities.com.br\/\",\"logo\":{\"@type\":\"ImageObject\",\"inLanguage\":\"pt-BR\",\"@id\":\"https:\/\/ecofacilities.com.br\/#\/schema\/logo\/image\/\",\"url\":\"https:\/\/ecofacilities.com.br\/wp-content\/uploads\/2023\/04\/LOGO-TESTE2-1.png\",\"contentUrl\":\"https:\/\/ecofacilities.com.br\/wp-content\/uploads\/2023\/04\/LOGO-TESTE2-1.png\",\"width\":1146,\"height\":191,\"caption\":\"Eco Facilities\"},\"image\":{\"@id\":\"https:\/\/ecofacilities.com.br\/#\/schema\/logo\/image\/\"}}]}<\/script>\n<!-- \/ Yoast SEO plugin. -->","yoast_head_json":{"title":"Facilities - Eco Facilities","robots":{"index":"index","follow":"follow","max-snippet":"max-snippet:-1","max-image-preview":"max-image-preview:large","max-video-preview":"max-video-preview:-1"},"canonical":"https:\/\/ecofacilities.com.br\/?page_id=1817","og_locale":"pt_BR","og_type":"article","og_title":"Facilities - Eco Facilities","og_description":"Facilities Portaria Com a responsabilidade de permitir a entrada de visitantes, funcion\u00e1rios e outros prestadores de servi\u00e7os, acompanhar e receber fornecedores, receber correspond\u00eancias e encomendas e principalmente zelar pelo patrim\u00f4nio de nossos clientes, o servi\u00e7o de portaria e controle de acesso \u00e9 fundamental, afinal, estes s\u00e3o os profissionais respons\u00e1veis pelo fluxo de pessoas e ve\u00edculos, [&hellip;]","og_url":"https:\/\/ecofacilities.com.br\/?page_id=1817","og_site_name":"Eco Facilities","article_modified_time":"2023-04-24T20:15:06+00:00","og_image":[{"url":"http:\/\/ecofacilities.com.br\/wp-content\/uploads\/elementor\/thumbs\/business-3122359_1920-q5i142vje6qqkm28wwosjzrx15c8qsq5pcelazy6r0.jpg"}],"twitter_card":"summary_large_image","twitter_misc":{"Est. tempo de leitura":"1 minuto"},"schema":{"@context":"https:\/\/schema.org","@graph":[{"@type":"WebPage","@id":"https:\/\/ecofacilities.com.br\/?page_id=1817","url":"https:\/\/ecofacilities.com.br\/?page_id=1817","name":"Facilities - Eco Facilities","isPartOf":{"@id":"https:\/\/ecofacilities.com.br\/#website"},"primaryImageOfPage":{"@id":"https:\/\/ecofacilities.com.br\/?page_id=1817#primaryimage"},"image":{"@id":"https:\/\/ecofacilities.com.br\/?page_id=1817#primaryimage"},"thumbnailUrl":"http:\/\/ecofacilities.com.br\/wp-content\/uploads\/elementor\/thumbs\/business-3122359_1920-q5i142vje6qqkm28wwosjzrx15c8qsq5pcelazy6r0.jpg","datePublished":"2023-04-24T18:45:18+00:00","dateModified":"2023-04-24T20:15:06+00:00","breadcrumb":{"@id":"https:\/\/ecofacilities.com.br\/?page_id=1817#breadcrumb"},"inLanguage":"pt-BR","potentialAction":[{"@type":"ReadAction","target":["https:\/\/ecofacilities.com.br\/?page_id=1817"]}]},{"@type":"ImageObject","inLanguage":"pt-BR","@id":"https:\/\/ecofacilities.com.br\/?page_id=1817#primaryimage","url":"http:\/\/ecofacilities.com.br\/wp-content\/uploads\/elementor\/thumbs\/business-3122359_1920-q5i142vje6qqkm28wwosjzrx15c8qsq5pcelazy6r0.jpg","contentUrl":"http:\/\/ecofacilities.com.br\/wp-content\/uploads\/elementor\/thumbs\/business-3122359_1920-q5i142vje6qqkm28wwosjzrx15c8qsq5pcelazy6r0.jpg"},{"@type":"BreadcrumbList","@id":"https:\/\/ecofacilities.com.br\/?page_id=1817#breadcrumb","itemListElement":[{"@type":"ListItem","position":1,"name":"In\u00edcio","item":"https:\/\/ecofacilities.com.br\/"},{"@type":"ListItem","position":2,"name":"Servi\u00e7os","item":"https:\/\/ecofacilities.com.br\/?page_id=22"},{"@type":"ListItem","position":3,"name":"Facilities"}]},{"@type":"WebSite","@id":"https:\/\/ecofacilities.com.br\/#website","url":"https:\/\/ecofacilities.com.br\/","name":"Eco Facilities","description":"","publisher":{"@id":"https:\/\/ecofacilities.com.br\/#organization"},"potentialAction":[{"@type":"SearchAction","target":{"@type":"EntryPoint","urlTemplate":"https:\/\/ecofacilities.com.br\/?s={search_term_string}"},"query-input":"required name=search_term_string"}],"inLanguage":"pt-BR"},{"@type":"Organization","@id":"https:\/\/ecofacilities.com.br\/#organization","name":"Eco Facilities","url":"https:\/\/ecofacilities.com.br\/","logo":{"@type":"ImageObject","inLanguage":"pt-BR","@id":"https:\/\/ecofacilities.com.br\/#\/schema\/logo\/image\/","url":"https:\/\/ecofacilities.com.br\/wp-content\/uploads\/2023\/04\/LOGO-TESTE2-1.png","contentUrl":"https:\/\/ecofacilities.com.br\/wp-content\/uploads\/2023\/04\/LOGO-TESTE2-1.png","width":1146,"height":191,"caption":"Eco Facilities"},"image":{"@id":"https:\/\/ecofacilities.com.br\/#\/schema\/logo\/image\/"}}]}},"_links":{"self":[{"href":"https:\/\/ecofacilities.com.br\/index.php?rest_route=\/wp\/v2\/pages\/1817","targetHints":{"allow":["GET"]}}],"collection":[{"href":"https:\/\/ecofacilities.com.br\/index.php?rest_route=\/wp\/v2\/pages"}],"about":[{"href":"https:\/\/ecofacilities.com.br\/index.php?rest_route=\/wp\/v2\/types\/page"}],"author":[{"embeddable":true,"href":"https:\/\/ecofacilities.com.br\/index.php?rest_route=\/wp\/v2\/users\/1"}],"replies":[{"embeddable":true,"href":"https:\/\/ecofacilities.com.br\/index.php?rest_route=%2Fwp%2Fv2%2Fcomments&post=1817"}],"version-history":[{"count":5,"href":"https:\/\/ecofacilities.com.br\/index.php?rest_route=\/wp\/v2\/pages\/1817\/revisions"}],"predecessor-version":[{"id":1873,"href":"https:\/\/ecofacilities.com.br\/index.php?rest_route=\/wp\/v2\/pages\/1817\/revisions\/1873"}],"up":[{"embeddable":true,"href":"https:\/\/ecofacilities.com.br\/index.php?rest_route=\/wp\/v2\/pages\/22"}],"wp:attachment":[{"href":"https:\/\/ecofacilities.com.br\/index.php?rest_route=%2Fwp%2Fv2%2Fmedia&parent=1817"}],"curies":[{"name":"wp","href":"https:\/\/api.w.org\/{rel}","templated":true}]}}