{"id":1818,"date":"2023-04-24T15:45:18","date_gmt":"2023-04-24T18:45:18","guid":{"rendered":"https:\/\/ecofacilities.com.br\/?page_id=1818"},"modified":"2023-04-24T17:26:11","modified_gmt":"2023-04-24T20:26:11","slug":"tratamento-de-piso","status":"publish","type":"page","link":"https:\/\/ecofacilities.com.br\/?page_id=1818","title":{"rendered":"Tratamento de Piso"},"content":{"rendered":"\t\t<div data-elementor-type=\"wp-page\" data-elementor-id=\"1818\" class=\"elementor elementor-1818\">\n\t\t\t\t\t\t\t\t\t<section class=\"elementor-section elementor-top-section elementor-element elementor-element-a53fc27 elementor-section-boxed elementor-section-height-default elementor-section-height-default\" data-id=\"a53fc27\" data-element_type=\"section\">\n\t\t\t\t\t\t<div class=\"elementor-container elementor-column-gap-default\">\n\t\t\t\t\t<div class=\"elementor-column elementor-col-100 elementor-top-column elementor-element elementor-element-9d8a4d8\" data-id=\"9d8a4d8\" data-element_type=\"column\">\n\t\t\t<div class=\"elementor-widget-wrap elementor-element-populated\">\n\t\t\t\t\t\t\t\t<div class=\"elementor-element elementor-element-c57c854 elementor-widget elementor-widget-heading\" data-id=\"c57c854\" data-element_type=\"widget\" data-widget_type=\"heading.default\">\n\t\t\t\t<div class=\"elementor-widget-container\">\n\t\t\t<style>\/*! elementor - v3.13.2 - 11-05-2023 *\/\n.elementor-heading-title{padding:0;margin:0;line-height:1}.elementor-widget-heading .elementor-heading-title[class*=elementor-size-]>a{color:inherit;font-size:inherit;line-height:inherit}.elementor-widget-heading .elementor-heading-title.elementor-size-small{font-size:15px}.elementor-widget-heading .elementor-heading-title.elementor-size-medium{font-size:19px}.elementor-widget-heading .elementor-heading-title.elementor-size-large{font-size:29px}.elementor-widget-heading .elementor-heading-title.elementor-size-xl{font-size:39px}.elementor-widget-heading .elementor-heading-title.elementor-size-xxl{font-size:59px}<\/style><h2 class=\"elementor-heading-title elementor-size-large\">Tratamento de Piso<\/h2>\t\t<\/div>\n\t\t\t\t<\/div>\n\t\t\t\t<section class=\"elementor-section elementor-inner-section elementor-element elementor-element-90f5ac9 elementor-section-boxed elementor-section-height-default elementor-section-height-default\" data-id=\"90f5ac9\" data-element_type=\"section\">\n\t\t\t\t\t\t<div class=\"elementor-container elementor-column-gap-default\">\n\t\t\t\t\t<div class=\"elementor-column elementor-col-50 elementor-inner-column elementor-element elementor-element-686ffd7\" data-id=\"686ffd7\" data-element_type=\"column\">\n\t\t\t<div class=\"elementor-widget-wrap elementor-element-populated\">\n\t\t\t\t\t\t\t\t<div class=\"elementor-element elementor-element-b68e23e elementor-widget elementor-widget-image\" data-id=\"b68e23e\" data-element_type=\"widget\" data-widget_type=\"image.default\">\n\t\t\t\t<div class=\"elementor-widget-container\">\n\t\t\t<style>\/*! elementor - v3.13.2 - 11-05-2023 *\/\n.elementor-widget-image{text-align:center}.elementor-widget-image a{display:inline-block}.elementor-widget-image a img[src$=\".svg\"]{width:48px}.elementor-widget-image img{vertical-align:middle;display:inline-block}<\/style>\t\t\t\t\t\t\t\t\t\t\t\t<img loading=\"lazy\" decoding=\"async\" width=\"1024\" height=\"576\" src=\"https:\/\/ecofacilities.com.br\/wp-content\/uploads\/2023\/04\/original-2b3cabbb14020b59ea490afaff060312-e1684172816453-1024x576.jpg\" class=\"attachment-large size-large wp-image-1887\" alt=\"\" srcset=\"https:\/\/ecofacilities.com.br\/wp-content\/uploads\/2023\/04\/original-2b3cabbb14020b59ea490afaff060312-e1684172816453-1024x576.jpg 1024w, https:\/\/ecofacilities.com.br\/wp-content\/uploads\/2023\/04\/original-2b3cabbb14020b59ea490afaff060312-e1684172816453-300x169.jpg 300w, https:\/\/ecofacilities.com.br\/wp-content\/uploads\/2023\/04\/original-2b3cabbb14020b59ea490afaff060312-e1684172816453-768x432.jpg 768w, https:\/\/ecofacilities.com.br\/wp-content\/uploads\/2023\/04\/original-2b3cabbb14020b59ea490afaff060312-e1684172816453.jpg 1156w\" sizes=\"auto, (max-width: 1024px) 100vw, 1024px\" \/>\t\t\t\t\t\t\t\t\t\t\t\t\t\t\t<\/div>\n\t\t\t\t<\/div>\n\t\t\t\t\t<\/div>\n\t\t<\/div>\n\t\t\t\t<div class=\"elementor-column elementor-col-50 elementor-inner-column elementor-element elementor-element-0c65de6\" data-id=\"0c65de6\" data-element_type=\"column\">\n\t\t\t<div class=\"elementor-widget-wrap elementor-element-populated\">\n\t\t\t\t\t\t\t\t<div class=\"elementor-element elementor-element-6cbedd2 elementor-widget elementor-widget-text-editor\" data-id=\"6cbedd2\" data-element_type=\"widget\" data-widget_type=\"text-editor.default\">\n\t\t\t\t<div class=\"elementor-widget-container\">\n\t\t\t<style>\/*! elementor - v3.13.2 - 11-05-2023 *\/\n.elementor-widget-text-editor.elementor-drop-cap-view-stacked .elementor-drop-cap{background-color:#69727d;color:#fff}.elementor-widget-text-editor.elementor-drop-cap-view-framed .elementor-drop-cap{color:#69727d;border:3px solid;background-color:transparent}.elementor-widget-text-editor:not(.elementor-drop-cap-view-default) .elementor-drop-cap{margin-top:8px}.elementor-widget-text-editor:not(.elementor-drop-cap-view-default) .elementor-drop-cap-letter{width:1em;height:1em}.elementor-widget-text-editor .elementor-drop-cap{float:left;text-align:center;line-height:1;font-size:50px}.elementor-widget-text-editor .elementor-drop-cap-letter{display:inline-block}<\/style>\t\t\t\t<p>O tratamento de pisos, vai al\u00e9m da parte est\u00e9tica, al\u00e9m de proporcionar brilho ajuda \u00e0\u00a0proteg\u00ea-lo\u00a0do atrito do tr\u00e1fego de pessoas.\u00a0<\/p>\t\t\t\t\t\t<\/div>\n\t\t\t\t<\/div>\n\t\t\t\t\t<\/div>\n\t\t<\/div>\n\t\t\t\t\t\t\t<\/div>\n\t\t<\/section>\n\t\t\t\t<div class=\"elementor-element elementor-element-db0ad2d elementor-align-center elementor-widget elementor-widget-button\" data-id=\"db0ad2d\" data-element_type=\"widget\" data-widget_type=\"button.default\">\n\t\t\t\t<div class=\"elementor-widget-container\">\n\t\t\t\t\t<div class=\"elementor-button-wrapper\">\n\t\t\t<a href=\"tel:+5551995270142\" class=\"elementor-button-link elementor-button elementor-size-sm\" role=\"button\">\n\t\t\t\t\t\t<span class=\"elementor-button-content-wrapper\">\n\t\t\t\t\t\t\t<span class=\"elementor-button-icon elementor-align-icon-left\">\n\t\t\t\t<i aria-hidden=\"true\" class=\"fas fa-phone-alt\"><\/i>\t\t\t<\/span>\n\t\t\t\t\t\t<span class=\"elementor-button-text\">Solicite um Or\u00e7amento<\/span>\n\t\t<\/span>\n\t\t\t\t\t<\/a>\n\t\t<\/div>\n\t\t\t\t<\/div>\n\t\t\t\t<\/div>\n\t\t\t\t<div class=\"elementor-element elementor-element-0c8942c elementor-align-center elementor-widget elementor-widget-button\" data-id=\"0c8942c\" data-element_type=\"widget\" data-widget_type=\"button.default\">\n\t\t\t\t<div class=\"elementor-widget-container\">\n\t\t\t\t\t<div class=\"elementor-button-wrapper\">\n\t\t\t<a href=\"http:\/\/wa.me\/555195270142\" target=\"_blank\" class=\"elementor-button-link elementor-button elementor-size-sm\" role=\"button\">\n\t\t\t\t\t\t<span class=\"elementor-button-content-wrapper\">\n\t\t\t\t\t\t\t<span class=\"elementor-button-icon elementor-align-icon-left\">\n\t\t\t\t<i aria-hidden=\"true\" class=\"fab fa-whatsapp\"><\/i>\t\t\t<\/span>\n\t\t\t\t\t\t<span class=\"elementor-button-text\">Solicite um Or\u00e7amento<\/span>\n\t\t<\/span>\n\t\t\t\t\t<\/a>\n\t\t<\/div>\n\t\t\t\t<\/div>\n\t\t\t\t<\/div>\n\t\t\t\t\t<\/div>\n\t\t<\/div>\n\t\t\t\t\t\t\t<\/div>\n\t\t<\/section>\n\t\t\t\t\t\t\t<\/div>\n\t\t","protected":false},"excerpt":{"rendered":"<p>Tratamento de Piso O tratamento de pisos, vai al\u00e9m da parte est\u00e9tica, al\u00e9m de proporcionar brilho ajuda \u00e0\u00a0proteg\u00ea-lo\u00a0do atrito do tr\u00e1fego de pessoas.\u00a0 Solicite um Or\u00e7amento Solicite um Or\u00e7amento<\/p>\n","protected":false},"author":1,"featured_media":0,"parent":22,"menu_order":0,"comment_status":"closed","ping_status":"closed","template":"","meta":{"site-sidebar-layout":"no-sidebar","site-content-layout":"page-builder","ast-site-content-layout":"","site-content-style":"default","site-sidebar-style":"default","ast-global-header-display":"","ast-banner-title-visibility":"","ast-main-header-display":"","ast-hfb-above-header-display":"","ast-hfb-below-header-display":"","ast-hfb-mobile-header-display":"","site-post-title":"disabled","ast-breadcrumbs-content":"","ast-featured-img":"disabled","footer-sml-layout":"","theme-transparent-header-meta":"","adv-header-id-meta":"","stick-header-meta":"","header-above-stick-meta":"","header-main-stick-meta":"","header-below-stick-meta":"","astra-migrate-meta-layouts":"default","ast-page-background-enabled":"default","ast-page-background-meta":{"desktop":{"background-color":"","background-image":"","background-repeat":"repeat","background-position":"center center","background-size":"auto","background-attachment":"scroll","background-type":"","background-media":"","overlay-type":"","overlay-color":"","overlay-opacity":"","overlay-gradient":""},"tablet":{"background-color":"","background-image":"","background-repeat":"repeat","background-position":"center center","background-size":"auto","background-attachment":"scroll","background-type":"","background-media":"","overlay-type":"","overlay-color":"","overlay-opacity":"","overlay-gradient":""},"mobile":{"background-color":"","background-image":"","background-repeat":"repeat","background-position":"center center","background-size":"auto","background-attachment":"scroll","background-type":"","background-media":"","overlay-type":"","overlay-color":"","overlay-opacity":"","overlay-gradient":""}},"ast-content-background-meta":{"desktop":{"background-color":"var(--ast-global-color-5)","background-image":"","background-repeat":"repeat","background-position":"center center","background-size":"auto","background-attachment":"scroll","background-type":"","background-media":"","overlay-type":"","overlay-color":"","overlay-opacity":"","overlay-gradient":""},"tablet":{"background-color":"var(--ast-global-color-5)","background-image":"","background-repeat":"repeat","background-position":"center center","background-size":"auto","background-attachment":"scroll","background-type":"","background-media":"","overlay-type":"","overlay-color":"","overlay-opacity":"","overlay-gradient":""},"mobile":{"background-color":"var(--ast-global-color-5)","background-image":"","background-repeat":"repeat","background-position":"center center","background-size":"auto","background-attachment":"scroll","background-type":"","background-media":"","overlay-type":"","overlay-color":"","overlay-opacity":"","overlay-gradient":""}},"_joinchat":[],"footnotes":""},"class_list":["post-1818","page","type-page","status-publish","hentry"],"yoast_head":"<!-- This site is optimized with the Yoast SEO plugin v23.3 - https:\/\/yoast.com\/wordpress\/plugins\/seo\/ -->\n<title>Tratamento de Piso - Eco Facilities<\/title>\n<meta name=\"robots\" content=\"index, follow, max-snippet:-1, max-image-preview:large, max-video-preview:-1\" \/>\n<link rel=\"canonical\" href=\"https:\/\/ecofacilities.com.br\/?page_id=1818\" \/>\n<meta property=\"og:locale\" content=\"pt_BR\" \/>\n<meta property=\"og:type\" content=\"article\" \/>\n<meta property=\"og:title\" content=\"Tratamento de Piso - Eco Facilities\" \/>\n<meta property=\"og:description\" content=\"Tratamento de Piso O tratamento de pisos, vai al\u00e9m da parte est\u00e9tica, al\u00e9m de proporcionar brilho ajuda \u00e0\u00a0proteg\u00ea-lo\u00a0do atrito do tr\u00e1fego de pessoas.\u00a0 Solicite um Or\u00e7amento Solicite um Or\u00e7amento\" \/>\n<meta property=\"og:url\" content=\"https:\/\/ecofacilities.com.br\/?page_id=1818\" \/>\n<meta property=\"og:site_name\" content=\"Eco Facilities\" \/>\n<meta property=\"article:modified_time\" content=\"2023-04-24T20:26:11+00:00\" \/>\n<meta property=\"og:image\" content=\"http:\/\/ecofacilities.com.br\/wp-content\/uploads\/2023\/04\/original-2b3cabbb14020b59ea490afaff060312-1024x576.jpg\" \/>\n<meta name=\"twitter:card\" content=\"summary_large_image\" \/>\n<script type=\"application\/ld+json\" class=\"yoast-schema-graph\">{\"@context\":\"https:\/\/schema.org\",\"@graph\":[{\"@type\":\"WebPage\",\"@id\":\"https:\/\/ecofacilities.com.br\/?page_id=1818\",\"url\":\"https:\/\/ecofacilities.com.br\/?page_id=1818\",\"name\":\"Tratamento de Piso - Eco Facilities\",\"isPartOf\":{\"@id\":\"https:\/\/ecofacilities.com.br\/#website\"},\"primaryImageOfPage\":{\"@id\":\"https:\/\/ecofacilities.com.br\/?page_id=1818#primaryimage\"},\"image\":{\"@id\":\"https:\/\/ecofacilities.com.br\/?page_id=1818#primaryimage\"},\"thumbnailUrl\":\"http:\/\/ecofacilities.com.br\/wp-content\/uploads\/2023\/04\/original-2b3cabbb14020b59ea490afaff060312-1024x576.jpg\",\"datePublished\":\"2023-04-24T18:45:18+00:00\",\"dateModified\":\"2023-04-24T20:26:11+00:00\",\"breadcrumb\":{\"@id\":\"https:\/\/ecofacilities.com.br\/?page_id=1818#breadcrumb\"},\"inLanguage\":\"pt-BR\",\"potentialAction\":[{\"@type\":\"ReadAction\",\"target\":[\"https:\/\/ecofacilities.com.br\/?page_id=1818\"]}]},{\"@type\":\"ImageObject\",\"inLanguage\":\"pt-BR\",\"@id\":\"https:\/\/ecofacilities.com.br\/?page_id=1818#primaryimage\",\"url\":\"http:\/\/ecofacilities.com.br\/wp-content\/uploads\/2023\/04\/original-2b3cabbb14020b59ea490afaff060312-1024x576.jpg\",\"contentUrl\":\"http:\/\/ecofacilities.com.br\/wp-content\/uploads\/2023\/04\/original-2b3cabbb14020b59ea490afaff060312-1024x576.jpg\"},{\"@type\":\"BreadcrumbList\",\"@id\":\"https:\/\/ecofacilities.com.br\/?page_id=1818#breadcrumb\",\"itemListElement\":[{\"@type\":\"ListItem\",\"position\":1,\"name\":\"In\u00edcio\",\"item\":\"https:\/\/ecofacilities.com.br\/\"},{\"@type\":\"ListItem\",\"position\":2,\"name\":\"Servi\u00e7os\",\"item\":\"https:\/\/ecofacilities.com.br\/?page_id=22\"},{\"@type\":\"ListItem\",\"position\":3,\"name\":\"Tratamento de Piso\"}]},{\"@type\":\"WebSite\",\"@id\":\"https:\/\/ecofacilities.com.br\/#website\",\"url\":\"https:\/\/ecofacilities.com.br\/\",\"name\":\"Eco Facilities\",\"description\":\"\",\"publisher\":{\"@id\":\"https:\/\/ecofacilities.com.br\/#organization\"},\"potentialAction\":[{\"@type\":\"SearchAction\",\"target\":{\"@type\":\"EntryPoint\",\"urlTemplate\":\"https:\/\/ecofacilities.com.br\/?s={search_term_string}\"},\"query-input\":\"required name=search_term_string\"}],\"inLanguage\":\"pt-BR\"},{\"@type\":\"Organization\",\"@id\":\"https:\/\/ecofacilities.com.br\/#organization\",\"name\":\"Eco Facilities\",\"url\":\"https:\/\/ecofacilities.com.br\/\",\"logo\":{\"@type\":\"ImageObject\",\"inLanguage\":\"pt-BR\",\"@id\":\"https:\/\/ecofacilities.com.br\/#\/schema\/logo\/image\/\",\"url\":\"https:\/\/ecofacilities.com.br\/wp-content\/uploads\/2023\/04\/LOGO-TESTE2-1.png\",\"contentUrl\":\"https:\/\/ecofacilities.com.br\/wp-content\/uploads\/2023\/04\/LOGO-TESTE2-1.png\",\"width\":1146,\"height\":191,\"caption\":\"Eco Facilities\"},\"image\":{\"@id\":\"https:\/\/ecofacilities.com.br\/#\/schema\/logo\/image\/\"}}]}<\/script>\n<!-- \/ Yoast SEO plugin. -->","yoast_head_json":{"title":"Tratamento de Piso - Eco Facilities","robots":{"index":"index","follow":"follow","max-snippet":"max-snippet:-1","max-image-preview":"max-image-preview:large","max-video-preview":"max-video-preview:-1"},"canonical":"https:\/\/ecofacilities.com.br\/?page_id=1818","og_locale":"pt_BR","og_type":"article","og_title":"Tratamento de Piso - Eco Facilities","og_description":"Tratamento de Piso O tratamento de pisos, vai al\u00e9m da parte est\u00e9tica, al\u00e9m de proporcionar brilho ajuda \u00e0\u00a0proteg\u00ea-lo\u00a0do atrito do tr\u00e1fego de pessoas.\u00a0 Solicite um Or\u00e7amento Solicite um Or\u00e7amento","og_url":"https:\/\/ecofacilities.com.br\/?page_id=1818","og_site_name":"Eco Facilities","article_modified_time":"2023-04-24T20:26:11+00:00","og_image":[{"url":"http:\/\/ecofacilities.com.br\/wp-content\/uploads\/2023\/04\/original-2b3cabbb14020b59ea490afaff060312-1024x576.jpg"}],"twitter_card":"summary_large_image","schema":{"@context":"https:\/\/schema.org","@graph":[{"@type":"WebPage","@id":"https:\/\/ecofacilities.com.br\/?page_id=1818","url":"https:\/\/ecofacilities.com.br\/?page_id=1818","name":"Tratamento de Piso - Eco Facilities","isPartOf":{"@id":"https:\/\/ecofacilities.com.br\/#website"},"primaryImageOfPage":{"@id":"https:\/\/ecofacilities.com.br\/?page_id=1818#primaryimage"},"image":{"@id":"https:\/\/ecofacilities.com.br\/?page_id=1818#primaryimage"},"thumbnailUrl":"http:\/\/ecofacilities.com.br\/wp-content\/uploads\/2023\/04\/original-2b3cabbb14020b59ea490afaff060312-1024x576.jpg","datePublished":"2023-04-24T18:45:18+00:00","dateModified":"2023-04-24T20:26:11+00:00","breadcrumb":{"@id":"https:\/\/ecofacilities.com.br\/?page_id=1818#breadcrumb"},"inLanguage":"pt-BR","potentialAction":[{"@type":"ReadAction","target":["https:\/\/ecofacilities.com.br\/?page_id=1818"]}]},{"@type":"ImageObject","inLanguage":"pt-BR","@id":"https:\/\/ecofacilities.com.br\/?page_id=1818#primaryimage","url":"http:\/\/ecofacilities.com.br\/wp-content\/uploads\/2023\/04\/original-2b3cabbb14020b59ea490afaff060312-1024x576.jpg","contentUrl":"http:\/\/ecofacilities.com.br\/wp-content\/uploads\/2023\/04\/original-2b3cabbb14020b59ea490afaff060312-1024x576.jpg"},{"@type":"BreadcrumbList","@id":"https:\/\/ecofacilities.com.br\/?page_id=1818#breadcrumb","itemListElement":[{"@type":"ListItem","position":1,"name":"In\u00edcio","item":"https:\/\/ecofacilities.com.br\/"},{"@type":"ListItem","position":2,"name":"Servi\u00e7os","item":"https:\/\/ecofacilities.com.br\/?page_id=22"},{"@type":"ListItem","position":3,"name":"Tratamento de Piso"}]},{"@type":"WebSite","@id":"https:\/\/ecofacilities.com.br\/#website","url":"https:\/\/ecofacilities.com.br\/","name":"Eco Facilities","description":"","publisher":{"@id":"https:\/\/ecofacilities.com.br\/#organization"},"potentialAction":[{"@type":"SearchAction","target":{"@type":"EntryPoint","urlTemplate":"https:\/\/ecofacilities.com.br\/?s={search_term_string}"},"query-input":"required name=search_term_string"}],"inLanguage":"pt-BR"},{"@type":"Organization","@id":"https:\/\/ecofacilities.com.br\/#organization","name":"Eco Facilities","url":"https:\/\/ecofacilities.com.br\/","logo":{"@type":"ImageObject","inLanguage":"pt-BR","@id":"https:\/\/ecofacilities.com.br\/#\/schema\/logo\/image\/","url":"https:\/\/ecofacilities.com.br\/wp-content\/uploads\/2023\/04\/LOGO-TESTE2-1.png","contentUrl":"https:\/\/ecofacilities.com.br\/wp-content\/uploads\/2023\/04\/LOGO-TESTE2-1.png","width":1146,"height":191,"caption":"Eco Facilities"},"image":{"@id":"https:\/\/ecofacilities.com.br\/#\/schema\/logo\/image\/"}}]}},"_links":{"self":[{"href":"https:\/\/ecofacilities.com.br\/index.php?rest_route=\/wp\/v2\/pages\/1818","targetHints":{"allow":["GET"]}}],"collection":[{"href":"https:\/\/ecofacilities.com.br\/index.php?rest_route=\/wp\/v2\/pages"}],"about":[{"href":"https:\/\/ecofacilities.com.br\/index.php?rest_route=\/wp\/v2\/types\/page"}],"author":[{"embeddable":true,"href":"https:\/\/ecofacilities.com.br\/index.php?rest_route=\/wp\/v2\/users\/1"}],"replies":[{"embeddable":true,"href":"https:\/\/ecofacilities.com.br\/index.php?rest_route=%2Fwp%2Fv2%2Fcomments&post=1818"}],"version-history":[{"count":6,"href":"https:\/\/ecofacilities.com.br\/index.php?rest_route=\/wp\/v2\/pages\/1818\/revisions"}],"predecessor-version":[{"id":1890,"href":"https:\/\/ecofacilities.com.br\/index.php?rest_route=\/wp\/v2\/pages\/1818\/revisions\/1890"}],"up":[{"embeddable":true,"href":"https:\/\/ecofacilities.com.br\/index.php?rest_route=\/wp\/v2\/pages\/22"}],"wp:attachment":[{"href":"https:\/\/ecofacilities.com.br\/index.php?rest_route=%2Fwp%2Fv2%2Fmedia&parent=1818"}],"curies":[{"name":"wp","href":"https:\/\/api.w.org\/{rel}","templated":true}]}}