{"id":1820,"date":"2023-04-24T15:45:18","date_gmt":"2023-04-24T18:45:18","guid":{"rendered":"https:\/\/ecofacilities.com.br\/?page_id=1820"},"modified":"2023-04-24T17:28:41","modified_gmt":"2023-04-24T20:28:41","slug":"limpeza-de-fachadas-e-vidros","status":"publish","type":"page","link":"https:\/\/ecofacilities.com.br\/?page_id=1820","title":{"rendered":"Limpeza de Fachadas e Vidros"},"content":{"rendered":"\t\t<div data-elementor-type=\"wp-page\" data-elementor-id=\"1820\" class=\"elementor elementor-1820\">\n\t\t\t\t\t\t\t\t\t<section class=\"elementor-section elementor-top-section elementor-element elementor-element-01918cd elementor-section-boxed elementor-section-height-default elementor-section-height-default\" data-id=\"01918cd\" data-element_type=\"section\">\n\t\t\t\t\t\t<div class=\"elementor-container elementor-column-gap-default\">\n\t\t\t\t\t<div class=\"elementor-column elementor-col-50 elementor-top-column elementor-element elementor-element-f838f0e\" data-id=\"f838f0e\" data-element_type=\"column\">\n\t\t\t<div class=\"elementor-widget-wrap elementor-element-populated\">\n\t\t\t\t\t\t\t\t<div class=\"elementor-element elementor-element-6769cd2 elementor-widget elementor-widget-text-editor\" data-id=\"6769cd2\" data-element_type=\"widget\" data-widget_type=\"text-editor.default\">\n\t\t\t\t<div class=\"elementor-widget-container\">\n\t\t\t<style>\/*! elementor - v3.13.2 - 11-05-2023 *\/\n.elementor-widget-text-editor.elementor-drop-cap-view-stacked .elementor-drop-cap{background-color:#69727d;color:#fff}.elementor-widget-text-editor.elementor-drop-cap-view-framed .elementor-drop-cap{color:#69727d;border:3px solid;background-color:transparent}.elementor-widget-text-editor:not(.elementor-drop-cap-view-default) .elementor-drop-cap{margin-top:8px}.elementor-widget-text-editor:not(.elementor-drop-cap-view-default) .elementor-drop-cap-letter{width:1em;height:1em}.elementor-widget-text-editor .elementor-drop-cap{float:left;text-align:center;line-height:1;font-size:50px}.elementor-widget-text-editor .elementor-drop-cap-letter{display:inline-block}<\/style>\t\t\t\t<h4><strong>Limpeza de Vidros e Fachadas<\/strong><\/h4>\t\t\t\t\t\t<\/div>\n\t\t\t\t<\/div>\n\t\t\t\t<div class=\"elementor-element elementor-element-7f08577 elementor-widget__width-initial elementor-widget elementor-widget-text-editor\" data-id=\"7f08577\" data-element_type=\"widget\" data-widget_type=\"text-editor.default\">\n\t\t\t\t<div class=\"elementor-widget-container\">\n\t\t\t\t\t\t\t<p>A limpeza de fachadas, n\u00e3o \u00e9 um trabalho f\u00e1cil que possa ser executado por qualquer pessoa, exige treinamentos para trabalho em altura. Por isso, requer investimento. Contudo, traz in\u00fameros benef\u00edcios para aqueles que decidem investir nesse tipo de servi\u00e7o.<\/p><p>Os cuidados com a \u00e1rea externa de uma constru\u00e7\u00e3o t\u00eam como vantagem a preven\u00e7\u00e3o de riscos, a redu\u00e7\u00e3o de preju\u00edzos, a valoriza\u00e7\u00e3o do im\u00f3vel e a melhoria no ambiente de trabalho.<\/p>\t\t\t\t\t\t<\/div>\n\t\t\t\t<\/div>\n\t\t\t\t<div class=\"elementor-element elementor-element-26f3768 elementor-align-center elementor-widget elementor-widget-button\" data-id=\"26f3768\" data-element_type=\"widget\" data-widget_type=\"button.default\">\n\t\t\t\t<div class=\"elementor-widget-container\">\n\t\t\t\t\t<div class=\"elementor-button-wrapper\">\n\t\t\t<a href=\"tel:+5551995270142\" class=\"elementor-button-link elementor-button elementor-size-sm\" role=\"button\">\n\t\t\t\t\t\t<span class=\"elementor-button-content-wrapper\">\n\t\t\t\t\t\t\t<span class=\"elementor-button-icon elementor-align-icon-left\">\n\t\t\t\t<i aria-hidden=\"true\" class=\"fas fa-phone-alt\"><\/i>\t\t\t<\/span>\n\t\t\t\t\t\t<span class=\"elementor-button-text\">Solicite um Or\u00e7amento<\/span>\n\t\t<\/span>\n\t\t\t\t\t<\/a>\n\t\t<\/div>\n\t\t\t\t<\/div>\n\t\t\t\t<\/div>\n\t\t\t\t<div class=\"elementor-element elementor-element-0ae8861 elementor-align-center elementor-widget elementor-widget-button\" data-id=\"0ae8861\" data-element_type=\"widget\" data-widget_type=\"button.default\">\n\t\t\t\t<div class=\"elementor-widget-container\">\n\t\t\t\t\t<div class=\"elementor-button-wrapper\">\n\t\t\t<a href=\"http:\/\/wa.me\/555195270142\" target=\"_blank\" class=\"elementor-button-link elementor-button elementor-size-sm\" role=\"button\">\n\t\t\t\t\t\t<span class=\"elementor-button-content-wrapper\">\n\t\t\t\t\t\t\t<span class=\"elementor-button-icon elementor-align-icon-left\">\n\t\t\t\t<i aria-hidden=\"true\" class=\"fab fa-whatsapp\"><\/i>\t\t\t<\/span>\n\t\t\t\t\t\t<span class=\"elementor-button-text\">Solicite um Or\u00e7amento<\/span>\n\t\t<\/span>\n\t\t\t\t\t<\/a>\n\t\t<\/div>\n\t\t\t\t<\/div>\n\t\t\t\t<\/div>\n\t\t\t\t\t<\/div>\n\t\t<\/div>\n\t\t\t\t<div class=\"elementor-column elementor-col-50 elementor-top-column elementor-element elementor-element-1490b19\" data-id=\"1490b19\" data-element_type=\"column\">\n\t\t\t<div class=\"elementor-widget-wrap elementor-element-populated\">\n\t\t\t\t\t\t\t\t<div class=\"elementor-element elementor-element-a8484a9 elementor-widget__width-initial elementor-widget elementor-widget-image\" data-id=\"a8484a9\" data-element_type=\"widget\" data-widget_type=\"image.default\">\n\t\t\t\t<div class=\"elementor-widget-container\">\n\t\t\t<style>\/*! elementor - v3.13.2 - 11-05-2023 *\/\n.elementor-widget-image{text-align:center}.elementor-widget-image a{display:inline-block}.elementor-widget-image a img[src$=\".svg\"]{width:48px}.elementor-widget-image img{vertical-align:middle;display:inline-block}<\/style>\t\t\t\t\t\t\t\t\t\t\t\t<img decoding=\"async\" src=\"https:\/\/ecofacilities.com.br\/wp-content\/uploads\/2023\/04\/Fachada.jpeg\" title=\"Fachada\" alt=\"Fachada\" loading=\"lazy\" \/>\t\t\t\t\t\t\t\t\t\t\t\t\t\t\t<\/div>\n\t\t\t\t<\/div>\n\t\t\t\t\t<\/div>\n\t\t<\/div>\n\t\t\t\t\t\t\t<\/div>\n\t\t<\/section>\n\t\t\t\t<section class=\"elementor-section elementor-top-section elementor-element elementor-element-241ab99 elementor-section-boxed elementor-section-height-default elementor-section-height-default\" data-id=\"241ab99\" data-element_type=\"section\">\n\t\t\t\t\t\t<div class=\"elementor-container elementor-column-gap-default\">\n\t\t\t\t\t<div class=\"elementor-column elementor-col-100 elementor-top-column elementor-element elementor-element-5f44733\" data-id=\"5f44733\" data-element_type=\"column\">\n\t\t\t<div class=\"elementor-widget-wrap\">\n\t\t\t\t\t\t\t\t\t<\/div>\n\t\t<\/div>\n\t\t\t\t\t\t\t<\/div>\n\t\t<\/section>\n\t\t\t\t\t\t\t<\/div>\n\t\t","protected":false},"excerpt":{"rendered":"<p>Limpeza de Vidros e Fachadas A limpeza de fachadas, n\u00e3o \u00e9 um trabalho f\u00e1cil que possa ser executado por qualquer pessoa, exige treinamentos para trabalho em altura. Por isso, requer investimento. Contudo, traz in\u00fameros benef\u00edcios para aqueles que decidem investir nesse tipo de servi\u00e7o. Os cuidados com a \u00e1rea externa de uma constru\u00e7\u00e3o t\u00eam como [&hellip;]<\/p>\n","protected":false},"author":1,"featured_media":0,"parent":22,"menu_order":0,"comment_status":"closed","ping_status":"closed","template":"","meta":{"site-sidebar-layout":"no-sidebar","site-content-layout":"page-builder","ast-site-content-layout":"","site-content-style":"default","site-sidebar-style":"default","ast-global-header-display":"","ast-banner-title-visibility":"","ast-main-header-display":"","ast-hfb-above-header-display":"","ast-hfb-below-header-display":"","ast-hfb-mobile-header-display":"","site-post-title":"disabled","ast-breadcrumbs-content":"","ast-featured-img":"disabled","footer-sml-layout":"","theme-transparent-header-meta":"","adv-header-id-meta":"","stick-header-meta":"","header-above-stick-meta":"","header-main-stick-meta":"","header-below-stick-meta":"","astra-migrate-meta-layouts":"default","ast-page-background-enabled":"default","ast-page-background-meta":{"desktop":{"background-color":"","background-image":"","background-repeat":"repeat","background-position":"center center","background-size":"auto","background-attachment":"scroll","background-type":"","background-media":"","overlay-type":"","overlay-color":"","overlay-opacity":"","overlay-gradient":""},"tablet":{"background-color":"","background-image":"","background-repeat":"repeat","background-position":"center center","background-size":"auto","background-attachment":"scroll","background-type":"","background-media":"","overlay-type":"","overlay-color":"","overlay-opacity":"","overlay-gradient":""},"mobile":{"background-color":"","background-image":"","background-repeat":"repeat","background-position":"center center","background-size":"auto","background-attachment":"scroll","background-type":"","background-media":"","overlay-type":"","overlay-color":"","overlay-opacity":"","overlay-gradient":""}},"ast-content-background-meta":{"desktop":{"background-color":"var(--ast-global-color-5)","background-image":"","background-repeat":"repeat","background-position":"center center","background-size":"auto","background-attachment":"scroll","background-type":"","background-media":"","overlay-type":"","overlay-color":"","overlay-opacity":"","overlay-gradient":""},"tablet":{"background-color":"var(--ast-global-color-5)","background-image":"","background-repeat":"repeat","background-position":"center center","background-size":"auto","background-attachment":"scroll","background-type":"","background-media":"","overlay-type":"","overlay-color":"","overlay-opacity":"","overlay-gradient":""},"mobile":{"background-color":"var(--ast-global-color-5)","background-image":"","background-repeat":"repeat","background-position":"center center","background-size":"auto","background-attachment":"scroll","background-type":"","background-media":"","overlay-type":"","overlay-color":"","overlay-opacity":"","overlay-gradient":""}},"_joinchat":[],"footnotes":""},"class_list":["post-1820","page","type-page","status-publish","hentry"],"yoast_head":"<!-- This site is optimized with the Yoast SEO plugin v23.3 - https:\/\/yoast.com\/wordpress\/plugins\/seo\/ -->\n<title>Limpeza de Fachadas e Vidros - Eco Facilities<\/title>\n<meta name=\"robots\" content=\"index, follow, max-snippet:-1, max-image-preview:large, max-video-preview:-1\" \/>\n<link rel=\"canonical\" href=\"https:\/\/ecofacilities.com.br\/?page_id=1820\" \/>\n<meta property=\"og:locale\" content=\"pt_BR\" \/>\n<meta property=\"og:type\" content=\"article\" \/>\n<meta property=\"og:title\" content=\"Limpeza de Fachadas e Vidros - Eco Facilities\" \/>\n<meta property=\"og:description\" content=\"Limpeza de Vidros e Fachadas A limpeza de fachadas, n\u00e3o \u00e9 um trabalho f\u00e1cil que possa ser executado por qualquer pessoa, exige treinamentos para trabalho em altura. Por isso, requer investimento. Contudo, traz in\u00fameros benef\u00edcios para aqueles que decidem investir nesse tipo de servi\u00e7o. Os cuidados com a \u00e1rea externa de uma constru\u00e7\u00e3o t\u00eam como [&hellip;]\" \/>\n<meta property=\"og:url\" content=\"https:\/\/ecofacilities.com.br\/?page_id=1820\" \/>\n<meta property=\"og:site_name\" content=\"Eco Facilities\" \/>\n<meta property=\"article:modified_time\" content=\"2023-04-24T20:28:41+00:00\" \/>\n<meta property=\"og:image\" content=\"http:\/\/ecofacilities.com.br\/wp-content\/uploads\/elementor\/thumbs\/Fachada-q5hy4otbcqyt7bwm36prv69pas48ks57y8u3byho68.jpeg\" \/>\n<meta name=\"twitter:card\" content=\"summary_large_image\" \/>\n<script type=\"application\/ld+json\" class=\"yoast-schema-graph\">{\"@context\":\"https:\/\/schema.org\",\"@graph\":[{\"@type\":\"WebPage\",\"@id\":\"https:\/\/ecofacilities.com.br\/?page_id=1820\",\"url\":\"https:\/\/ecofacilities.com.br\/?page_id=1820\",\"name\":\"Limpeza de Fachadas e Vidros - Eco Facilities\",\"isPartOf\":{\"@id\":\"https:\/\/ecofacilities.com.br\/#website\"},\"primaryImageOfPage\":{\"@id\":\"https:\/\/ecofacilities.com.br\/?page_id=1820#primaryimage\"},\"image\":{\"@id\":\"https:\/\/ecofacilities.com.br\/?page_id=1820#primaryimage\"},\"thumbnailUrl\":\"http:\/\/ecofacilities.com.br\/wp-content\/uploads\/elementor\/thumbs\/Fachada-q5hy4otbcqyt7bwm36prv69pas48ks57y8u3byho68.jpeg\",\"datePublished\":\"2023-04-24T18:45:18+00:00\",\"dateModified\":\"2023-04-24T20:28:41+00:00\",\"breadcrumb\":{\"@id\":\"https:\/\/ecofacilities.com.br\/?page_id=1820#breadcrumb\"},\"inLanguage\":\"pt-BR\",\"potentialAction\":[{\"@type\":\"ReadAction\",\"target\":[\"https:\/\/ecofacilities.com.br\/?page_id=1820\"]}]},{\"@type\":\"ImageObject\",\"inLanguage\":\"pt-BR\",\"@id\":\"https:\/\/ecofacilities.com.br\/?page_id=1820#primaryimage\",\"url\":\"http:\/\/ecofacilities.com.br\/wp-content\/uploads\/elementor\/thumbs\/Fachada-q5hy4otbcqyt7bwm36prv69pas48ks57y8u3byho68.jpeg\",\"contentUrl\":\"http:\/\/ecofacilities.com.br\/wp-content\/uploads\/elementor\/thumbs\/Fachada-q5hy4otbcqyt7bwm36prv69pas48ks57y8u3byho68.jpeg\"},{\"@type\":\"BreadcrumbList\",\"@id\":\"https:\/\/ecofacilities.com.br\/?page_id=1820#breadcrumb\",\"itemListElement\":[{\"@type\":\"ListItem\",\"position\":1,\"name\":\"In\u00edcio\",\"item\":\"https:\/\/ecofacilities.com.br\/\"},{\"@type\":\"ListItem\",\"position\":2,\"name\":\"Servi\u00e7os\",\"item\":\"https:\/\/ecofacilities.com.br\/?page_id=22\"},{\"@type\":\"ListItem\",\"position\":3,\"name\":\"Limpeza de Fachadas e Vidros\"}]},{\"@type\":\"WebSite\",\"@id\":\"https:\/\/ecofacilities.com.br\/#website\",\"url\":\"https:\/\/ecofacilities.com.br\/\",\"name\":\"Eco Facilities\",\"description\":\"\",\"publisher\":{\"@id\":\"https:\/\/ecofacilities.com.br\/#organization\"},\"potentialAction\":[{\"@type\":\"SearchAction\",\"target\":{\"@type\":\"EntryPoint\",\"urlTemplate\":\"https:\/\/ecofacilities.com.br\/?s={search_term_string}\"},\"query-input\":\"required name=search_term_string\"}],\"inLanguage\":\"pt-BR\"},{\"@type\":\"Organization\",\"@id\":\"https:\/\/ecofacilities.com.br\/#organization\",\"name\":\"Eco Facilities\",\"url\":\"https:\/\/ecofacilities.com.br\/\",\"logo\":{\"@type\":\"ImageObject\",\"inLanguage\":\"pt-BR\",\"@id\":\"https:\/\/ecofacilities.com.br\/#\/schema\/logo\/image\/\",\"url\":\"https:\/\/ecofacilities.com.br\/wp-content\/uploads\/2023\/04\/LOGO-TESTE2-1.png\",\"contentUrl\":\"https:\/\/ecofacilities.com.br\/wp-content\/uploads\/2023\/04\/LOGO-TESTE2-1.png\",\"width\":1146,\"height\":191,\"caption\":\"Eco Facilities\"},\"image\":{\"@id\":\"https:\/\/ecofacilities.com.br\/#\/schema\/logo\/image\/\"}}]}<\/script>\n<!-- \/ Yoast SEO plugin. -->","yoast_head_json":{"title":"Limpeza de Fachadas e Vidros - Eco Facilities","robots":{"index":"index","follow":"follow","max-snippet":"max-snippet:-1","max-image-preview":"max-image-preview:large","max-video-preview":"max-video-preview:-1"},"canonical":"https:\/\/ecofacilities.com.br\/?page_id=1820","og_locale":"pt_BR","og_type":"article","og_title":"Limpeza de Fachadas e Vidros - Eco Facilities","og_description":"Limpeza de Vidros e Fachadas A limpeza de fachadas, n\u00e3o \u00e9 um trabalho f\u00e1cil que possa ser executado por qualquer pessoa, exige treinamentos para trabalho em altura. Por isso, requer investimento. Contudo, traz in\u00fameros benef\u00edcios para aqueles que decidem investir nesse tipo de servi\u00e7o. Os cuidados com a \u00e1rea externa de uma constru\u00e7\u00e3o t\u00eam como [&hellip;]","og_url":"https:\/\/ecofacilities.com.br\/?page_id=1820","og_site_name":"Eco Facilities","article_modified_time":"2023-04-24T20:28:41+00:00","og_image":[{"url":"http:\/\/ecofacilities.com.br\/wp-content\/uploads\/elementor\/thumbs\/Fachada-q5hy4otbcqyt7bwm36prv69pas48ks57y8u3byho68.jpeg"}],"twitter_card":"summary_large_image","schema":{"@context":"https:\/\/schema.org","@graph":[{"@type":"WebPage","@id":"https:\/\/ecofacilities.com.br\/?page_id=1820","url":"https:\/\/ecofacilities.com.br\/?page_id=1820","name":"Limpeza de Fachadas e Vidros - Eco Facilities","isPartOf":{"@id":"https:\/\/ecofacilities.com.br\/#website"},"primaryImageOfPage":{"@id":"https:\/\/ecofacilities.com.br\/?page_id=1820#primaryimage"},"image":{"@id":"https:\/\/ecofacilities.com.br\/?page_id=1820#primaryimage"},"thumbnailUrl":"http:\/\/ecofacilities.com.br\/wp-content\/uploads\/elementor\/thumbs\/Fachada-q5hy4otbcqyt7bwm36prv69pas48ks57y8u3byho68.jpeg","datePublished":"2023-04-24T18:45:18+00:00","dateModified":"2023-04-24T20:28:41+00:00","breadcrumb":{"@id":"https:\/\/ecofacilities.com.br\/?page_id=1820#breadcrumb"},"inLanguage":"pt-BR","potentialAction":[{"@type":"ReadAction","target":["https:\/\/ecofacilities.com.br\/?page_id=1820"]}]},{"@type":"ImageObject","inLanguage":"pt-BR","@id":"https:\/\/ecofacilities.com.br\/?page_id=1820#primaryimage","url":"http:\/\/ecofacilities.com.br\/wp-content\/uploads\/elementor\/thumbs\/Fachada-q5hy4otbcqyt7bwm36prv69pas48ks57y8u3byho68.jpeg","contentUrl":"http:\/\/ecofacilities.com.br\/wp-content\/uploads\/elementor\/thumbs\/Fachada-q5hy4otbcqyt7bwm36prv69pas48ks57y8u3byho68.jpeg"},{"@type":"BreadcrumbList","@id":"https:\/\/ecofacilities.com.br\/?page_id=1820#breadcrumb","itemListElement":[{"@type":"ListItem","position":1,"name":"In\u00edcio","item":"https:\/\/ecofacilities.com.br\/"},{"@type":"ListItem","position":2,"name":"Servi\u00e7os","item":"https:\/\/ecofacilities.com.br\/?page_id=22"},{"@type":"ListItem","position":3,"name":"Limpeza de Fachadas e Vidros"}]},{"@type":"WebSite","@id":"https:\/\/ecofacilities.com.br\/#website","url":"https:\/\/ecofacilities.com.br\/","name":"Eco Facilities","description":"","publisher":{"@id":"https:\/\/ecofacilities.com.br\/#organization"},"potentialAction":[{"@type":"SearchAction","target":{"@type":"EntryPoint","urlTemplate":"https:\/\/ecofacilities.com.br\/?s={search_term_string}"},"query-input":"required name=search_term_string"}],"inLanguage":"pt-BR"},{"@type":"Organization","@id":"https:\/\/ecofacilities.com.br\/#organization","name":"Eco Facilities","url":"https:\/\/ecofacilities.com.br\/","logo":{"@type":"ImageObject","inLanguage":"pt-BR","@id":"https:\/\/ecofacilities.com.br\/#\/schema\/logo\/image\/","url":"https:\/\/ecofacilities.com.br\/wp-content\/uploads\/2023\/04\/LOGO-TESTE2-1.png","contentUrl":"https:\/\/ecofacilities.com.br\/wp-content\/uploads\/2023\/04\/LOGO-TESTE2-1.png","width":1146,"height":191,"caption":"Eco Facilities"},"image":{"@id":"https:\/\/ecofacilities.com.br\/#\/schema\/logo\/image\/"}}]}},"_links":{"self":[{"href":"https:\/\/ecofacilities.com.br\/index.php?rest_route=\/wp\/v2\/pages\/1820","targetHints":{"allow":["GET"]}}],"collection":[{"href":"https:\/\/ecofacilities.com.br\/index.php?rest_route=\/wp\/v2\/pages"}],"about":[{"href":"https:\/\/ecofacilities.com.br\/index.php?rest_route=\/wp\/v2\/types\/page"}],"author":[{"embeddable":true,"href":"https:\/\/ecofacilities.com.br\/index.php?rest_route=\/wp\/v2\/users\/1"}],"replies":[{"embeddable":true,"href":"https:\/\/ecofacilities.com.br\/index.php?rest_route=%2Fwp%2Fv2%2Fcomments&post=1820"}],"version-history":[{"count":29,"href":"https:\/\/ecofacilities.com.br\/index.php?rest_route=\/wp\/v2\/pages\/1820\/revisions"}],"predecessor-version":[{"id":1896,"href":"https:\/\/ecofacilities.com.br\/index.php?rest_route=\/wp\/v2\/pages\/1820\/revisions\/1896"}],"up":[{"embeddable":true,"href":"https:\/\/ecofacilities.com.br\/index.php?rest_route=\/wp\/v2\/pages\/22"}],"wp:attachment":[{"href":"https:\/\/ecofacilities.com.br\/index.php?rest_route=%2Fwp%2Fv2%2Fmedia&parent=1820"}],"curies":[{"name":"wp","href":"https:\/\/api.w.org\/{rel}","templated":true}]}}